{"id":770,"date":"2022-11-24T14:40:53","date_gmt":"2022-11-24T13:40:53","guid":{"rendered":"https:\/\/sage-femme-fribourg.ch\/role-sage-femme\/"},"modified":"2022-12-12T20:38:15","modified_gmt":"2022-12-12T19:38:15","slug":"rolle-hebamme","status":"publish","type":"page","link":"https:\/\/sage-femme-fribourg.ch\/de\/praesentation\/rolle-hebamme\/","title":{"rendered":"Rolle der Hebamme"},"content":{"rendered":"\n<div style=\"height:50px\" aria-hidden=\"true\" class=\"wp-block-spacer\"><\/div>\n\n\n\n<p>Die Hebamme ist Expertin f\u00fcr die Mutterschaft. Sie betreut die Familien w\u00e4hrend der Schwangerschaft, der Geburt und der Zeit nach der Geburt (auch Postpartum genannt). Sie \u00fcbt ihre T\u00e4tigkeit selbstst\u00e4ndig aus, sofern Schwangerschaft, Geburt und Wochenbett physiologisch (ohne Komplikationen) verlaufen. Sie arbeitet auch eng mit Gyn\u00e4kologen, Kinder\u00e4rzten und anderen Gesundheitsfachkr\u00e4ften zusammen.<\/p>\n\n\n\n<p>Sie spielt eine wichtige Rolle bei der partnerschaftlichen Zusammenarbeit mit Frauen und Paaren, um deren k\u00f6rperlichen, aber auch psychologischen, emotionalen und spirituellen Bed\u00fcrfnissen gerecht zu werden.<\/p>\n\n\n\n<p>Hebammen k\u00f6nnen angestellt oder freiberuflich t\u00e4tig sein. Sie sind also in Krankenh\u00e4usern, Geburtsh\u00e4usern, Hebammenpraxen, Arztpraxen und bei Ihnen zu Hause anzutreffen!<\/p>\n\n\n\n<div style=\"height:50px\" aria-hidden=\"true\" class=\"wp-block-spacer\"><\/div>\n\n\n\n<div class=\"wp-block-columns is-layout-flex wp-container-core-columns-is-layout-9d6595d7 wp-block-columns-is-layout-flex\">\n<div class=\"wp-block-column content-col has-white-background-color has-background is-layout-flow wp-block-column-is-layout-flow\">\n<p><\/p>\n\n\n\n<h3 class=\"wp-block-heading\"><strong>Die Hebamme im Krankenhaus<\/strong><\/h3>\n\n\n\n<p>Die Krankenhaushebamme \u00fcbt ihre T\u00e4tigkeit als Angestellte in der ambulanten Geburtshilfe, im Geburtszimmer, auf der Wochenbett- oder der Pr\u00e4natalstation aus. <\/p>\n\n\n\n<p>Sie gibt Geburtsvorbereitungskurse und Informationsveranstaltungen.<\/p>\n\n\n\n<p><\/p>\n<\/div>\n\n\n\n<div class=\"wp-block-column content-col has-white-background-color has-background is-layout-flow wp-block-column-is-layout-flow\">\n<p><\/p>\n\n\n\n<h3 class=\"wp-block-heading\"><strong><strong>Die freiberufliche Hebamme<\/strong><\/strong><\/h3>\n\n\n\n<p>Die freiberufliche Hebamme betreut schwangere Frauen und Paare in der Praxis, im Geburtshaus, als Beleghebamme eines Krankenhauses oder zu Hause. <\/p>\n\n\n\n<p>Um als freiberufliche Hebamme arbeiten zu k\u00f6nnen, muss sie \u00fcber einen kantonale Berufsaus\u00fcbungsbewilligung, eine Haftpflichtversicherung und eine Zahlstellenregister-Nummer von sant\u00e9 suisse verf\u00fcgen, die es ihr erm\u00f6glichen, ihre Leistungen im Rahmen der Grundversicherung abzurechnen.<\/p>\n\n\n\n<p><\/p>\n<\/div>\n<\/div>\n\n\n\n<div class=\"wp-block-cover aligncenter is-light\" style=\"min-height:550px;aspect-ratio:unset;\"><span aria-hidden=\"true\" class=\"wp-block-cover__background has-background-dim-0 has-background-dim\"><\/span><img loading=\"lazy\" decoding=\"async\" width=\"1920\" height=\"1280\" class=\"wp-block-cover__image-background wp-image-1599\" alt=\"\" src=\"https:\/\/sage-femme-fribourg.ch\/wp-content\/uploads\/2022\/12\/pregnant-woman-checked-by-midwife.jpg\" data-object-fit=\"cover\" srcset=\"https:\/\/sage-femme-fribourg.ch\/wp-content\/uploads\/2022\/12\/pregnant-woman-checked-by-midwife.jpg 1920w, https:\/\/sage-femme-fribourg.ch\/wp-content\/uploads\/2022\/12\/pregnant-woman-checked-by-midwife-300x200.jpg 300w, https:\/\/sage-femme-fribourg.ch\/wp-content\/uploads\/2022\/12\/pregnant-woman-checked-by-midwife-1024x683.jpg 1024w, https:\/\/sage-femme-fribourg.ch\/wp-content\/uploads\/2022\/12\/pregnant-woman-checked-by-midwife-768x512.jpg 768w, https:\/\/sage-femme-fribourg.ch\/wp-content\/uploads\/2022\/12\/pregnant-woman-checked-by-midwife-1536x1024.jpg 1536w\" sizes=\"auto, (max-width: 1920px) 100vw, 1920px\" \/><div class=\"wp-block-cover__inner-container is-layout-flow wp-block-cover-is-layout-flow\">\n<p class=\"has-text-align-center has-large-font-size\"><\/p>\n<\/div><\/div>\n","protected":false},"excerpt":{"rendered":"<p>Die Hebamme ist Expertin f\u00fcr die Mutterschaft. Sie betreut die Familien w\u00e4hrend der Schwangerschaft, der Geburt und der Zeit nach der Geburt (auch Postpartum genannt). Sie \u00fcbt ihre T\u00e4tigkeit selbstst\u00e4ndig aus, sofern Schwangerschaft, Geburt und Wochenbett physiologisch (ohne Komplikationen) verlaufen. Sie arbeitet auch eng mit Gyn\u00e4kologen, Kinder\u00e4rzten und anderen Gesundheitsfachkr\u00e4ften zusammen. Sie spielt eine wichtige [&hellip;]<\/p>\n","protected":false},"author":3,"featured_media":0,"parent":1166,"menu_order":0,"comment_status":"closed","ping_status":"closed","template":"","meta":{"_editorskit_title_hidden":false,"_editorskit_reading_time":1,"_editorskit_is_block_options_detached":false,"_editorskit_block_options_position":"{}","footnotes":""},"class_list":["post-770","page","type-page","status-publish","hentry"],"yoast_head":"<!-- This site is optimized with the Yoast SEO plugin v27.5 - https:\/\/yoast.com\/product\/yoast-seo-wordpress\/ -->\n<title>Rolle der Hebamme - Sage-femme<\/title>\n<meta name=\"robots\" content=\"index, follow, max-snippet:-1, max-image-preview:large, max-video-preview:-1\" \/>\n<link rel=\"canonical\" href=\"https:\/\/sage-femme-fribourg.ch\/de\/praesentation\/rolle-hebamme\/\" \/>\n<meta property=\"og:locale\" content=\"de_DE\" \/>\n<meta property=\"og:type\" content=\"article\" \/>\n<meta property=\"og:title\" content=\"Rolle der Hebamme - Sage-femme\" \/>\n<meta property=\"og:description\" content=\"Die Hebamme ist Expertin f\u00fcr die Mutterschaft. Sie betreut die Familien w\u00e4hrend der Schwangerschaft, der Geburt und der Zeit nach der Geburt (auch Postpartum genannt). Sie \u00fcbt ihre T\u00e4tigkeit selbstst\u00e4ndig aus, sofern Schwangerschaft, Geburt und Wochenbett physiologisch (ohne Komplikationen) verlaufen. Sie arbeitet auch eng mit Gyn\u00e4kologen, Kinder\u00e4rzten und anderen Gesundheitsfachkr\u00e4ften zusammen. Sie spielt eine wichtige [&hellip;]\" \/>\n<meta property=\"og:url\" content=\"https:\/\/sage-femme-fribourg.ch\/de\/praesentation\/rolle-hebamme\/\" \/>\n<meta property=\"og:site_name\" content=\"Sage-femme\" \/>\n<meta property=\"article:modified_time\" content=\"2022-12-12T19:38:15+00:00\" \/>\n<meta property=\"og:image\" content=\"https:\/\/sage-femme-fribourg.ch\/wp-content\/uploads\/2022\/12\/pregnant-woman-checked-by-midwife.jpg\" \/>\n<meta name=\"twitter:card\" content=\"summary_large_image\" \/>\n<meta name=\"twitter:label1\" content=\"Gesch\u00e4tzte Lesezeit\" \/>\n\t<meta name=\"twitter:data1\" content=\"2\u00a0Minuten\" \/>\n<script type=\"application\/ld+json\" class=\"yoast-schema-graph\">{\"@context\":\"https:\\\/\\\/schema.org\",\"@graph\":[{\"@type\":\"WebPage\",\"@id\":\"https:\\\/\\\/sage-femme-fribourg.ch\\\/de\\\/praesentation\\\/rolle-hebamme\\\/\",\"url\":\"https:\\\/\\\/sage-femme-fribourg.ch\\\/de\\\/praesentation\\\/rolle-hebamme\\\/\",\"name\":\"Rolle der Hebamme - Sage-femme\",\"isPartOf\":{\"@id\":\"https:\\\/\\\/sage-femme-fribourg.ch\\\/#website\"},\"primaryImageOfPage\":{\"@id\":\"https:\\\/\\\/sage-femme-fribourg.ch\\\/de\\\/praesentation\\\/rolle-hebamme\\\/#primaryimage\"},\"image\":{\"@id\":\"https:\\\/\\\/sage-femme-fribourg.ch\\\/de\\\/praesentation\\\/rolle-hebamme\\\/#primaryimage\"},\"thumbnailUrl\":\"https:\\\/\\\/sage-femme-fribourg.ch\\\/wp-content\\\/uploads\\\/2022\\\/12\\\/pregnant-woman-checked-by-midwife.jpg\",\"datePublished\":\"2022-11-24T13:40:53+00:00\",\"dateModified\":\"2022-12-12T19:38:15+00:00\",\"breadcrumb\":{\"@id\":\"https:\\\/\\\/sage-femme-fribourg.ch\\\/de\\\/praesentation\\\/rolle-hebamme\\\/#breadcrumb\"},\"inLanguage\":\"de\",\"potentialAction\":[{\"@type\":\"ReadAction\",\"target\":[\"https:\\\/\\\/sage-femme-fribourg.ch\\\/de\\\/praesentation\\\/rolle-hebamme\\\/\"]}]},{\"@type\":\"ImageObject\",\"inLanguage\":\"de\",\"@id\":\"https:\\\/\\\/sage-femme-fribourg.ch\\\/de\\\/praesentation\\\/rolle-hebamme\\\/#primaryimage\",\"url\":\"https:\\\/\\\/sage-femme-fribourg.ch\\\/wp-content\\\/uploads\\\/2022\\\/12\\\/pregnant-woman-checked-by-midwife.jpg\",\"contentUrl\":\"https:\\\/\\\/sage-femme-fribourg.ch\\\/wp-content\\\/uploads\\\/2022\\\/12\\\/pregnant-woman-checked-by-midwife.jpg\"},{\"@type\":\"BreadcrumbList\",\"@id\":\"https:\\\/\\\/sage-femme-fribourg.ch\\\/de\\\/praesentation\\\/rolle-hebamme\\\/#breadcrumb\",\"itemListElement\":[{\"@type\":\"ListItem\",\"position\":1,\"name\":\"Home\",\"item\":\"https:\\\/\\\/sage-femme-fribourg.ch\\\/de\\\/\"},{\"@type\":\"ListItem\",\"position\":2,\"name\":\"Pr\u00e4sentation\",\"item\":\"https:\\\/\\\/sage-femme-fribourg.ch\\\/de\\\/praesentation\\\/\"},{\"@type\":\"ListItem\",\"position\":3,\"name\":\"Rolle der Hebamme\"}]},{\"@type\":\"WebSite\",\"@id\":\"https:\\\/\\\/sage-femme-fribourg.ch\\\/#website\",\"url\":\"https:\\\/\\\/sage-femme-fribourg.ch\\\/\",\"name\":\"Sage-femme\",\"description\":\"Un site utilisant WordPress\",\"potentialAction\":[{\"@type\":\"SearchAction\",\"target\":{\"@type\":\"EntryPoint\",\"urlTemplate\":\"https:\\\/\\\/sage-femme-fribourg.ch\\\/?s={search_term_string}\"},\"query-input\":{\"@type\":\"PropertyValueSpecification\",\"valueRequired\":true,\"valueName\":\"search_term_string\"}}],\"inLanguage\":\"de\"}]}<\/script>\n<!-- \/ Yoast SEO plugin. -->","yoast_head_json":{"title":"Rolle der Hebamme - Sage-femme","robots":{"index":"index","follow":"follow","max-snippet":"max-snippet:-1","max-image-preview":"max-image-preview:large","max-video-preview":"max-video-preview:-1"},"canonical":"https:\/\/sage-femme-fribourg.ch\/de\/praesentation\/rolle-hebamme\/","og_locale":"de_DE","og_type":"article","og_title":"Rolle der Hebamme - Sage-femme","og_description":"Die Hebamme ist Expertin f\u00fcr die Mutterschaft. Sie betreut die Familien w\u00e4hrend der Schwangerschaft, der Geburt und der Zeit nach der Geburt (auch Postpartum genannt). Sie \u00fcbt ihre T\u00e4tigkeit selbstst\u00e4ndig aus, sofern Schwangerschaft, Geburt und Wochenbett physiologisch (ohne Komplikationen) verlaufen. Sie arbeitet auch eng mit Gyn\u00e4kologen, Kinder\u00e4rzten und anderen Gesundheitsfachkr\u00e4ften zusammen. Sie spielt eine wichtige [&hellip;]","og_url":"https:\/\/sage-femme-fribourg.ch\/de\/praesentation\/rolle-hebamme\/","og_site_name":"Sage-femme","article_modified_time":"2022-12-12T19:38:15+00:00","og_image":[{"url":"https:\/\/sage-femme-fribourg.ch\/wp-content\/uploads\/2022\/12\/pregnant-woman-checked-by-midwife.jpg","type":"","width":"","height":""}],"twitter_card":"summary_large_image","twitter_misc":{"Gesch\u00e4tzte Lesezeit":"2\u00a0Minuten"},"schema":{"@context":"https:\/\/schema.org","@graph":[{"@type":"WebPage","@id":"https:\/\/sage-femme-fribourg.ch\/de\/praesentation\/rolle-hebamme\/","url":"https:\/\/sage-femme-fribourg.ch\/de\/praesentation\/rolle-hebamme\/","name":"Rolle der Hebamme - Sage-femme","isPartOf":{"@id":"https:\/\/sage-femme-fribourg.ch\/#website"},"primaryImageOfPage":{"@id":"https:\/\/sage-femme-fribourg.ch\/de\/praesentation\/rolle-hebamme\/#primaryimage"},"image":{"@id":"https:\/\/sage-femme-fribourg.ch\/de\/praesentation\/rolle-hebamme\/#primaryimage"},"thumbnailUrl":"https:\/\/sage-femme-fribourg.ch\/wp-content\/uploads\/2022\/12\/pregnant-woman-checked-by-midwife.jpg","datePublished":"2022-11-24T13:40:53+00:00","dateModified":"2022-12-12T19:38:15+00:00","breadcrumb":{"@id":"https:\/\/sage-femme-fribourg.ch\/de\/praesentation\/rolle-hebamme\/#breadcrumb"},"inLanguage":"de","potentialAction":[{"@type":"ReadAction","target":["https:\/\/sage-femme-fribourg.ch\/de\/praesentation\/rolle-hebamme\/"]}]},{"@type":"ImageObject","inLanguage":"de","@id":"https:\/\/sage-femme-fribourg.ch\/de\/praesentation\/rolle-hebamme\/#primaryimage","url":"https:\/\/sage-femme-fribourg.ch\/wp-content\/uploads\/2022\/12\/pregnant-woman-checked-by-midwife.jpg","contentUrl":"https:\/\/sage-femme-fribourg.ch\/wp-content\/uploads\/2022\/12\/pregnant-woman-checked-by-midwife.jpg"},{"@type":"BreadcrumbList","@id":"https:\/\/sage-femme-fribourg.ch\/de\/praesentation\/rolle-hebamme\/#breadcrumb","itemListElement":[{"@type":"ListItem","position":1,"name":"Home","item":"https:\/\/sage-femme-fribourg.ch\/de\/"},{"@type":"ListItem","position":2,"name":"Pr\u00e4sentation","item":"https:\/\/sage-femme-fribourg.ch\/de\/praesentation\/"},{"@type":"ListItem","position":3,"name":"Rolle der Hebamme"}]},{"@type":"WebSite","@id":"https:\/\/sage-femme-fribourg.ch\/#website","url":"https:\/\/sage-femme-fribourg.ch\/","name":"Sage-femme","description":"Un site utilisant WordPress","potentialAction":[{"@type":"SearchAction","target":{"@type":"EntryPoint","urlTemplate":"https:\/\/sage-femme-fribourg.ch\/?s={search_term_string}"},"query-input":{"@type":"PropertyValueSpecification","valueRequired":true,"valueName":"search_term_string"}}],"inLanguage":"de"}]}},"meta_box":[],"_links":{"self":[{"href":"https:\/\/sage-femme-fribourg.ch\/de\/wp-json\/wp\/v2\/pages\/770","targetHints":{"allow":["GET"]}}],"collection":[{"href":"https:\/\/sage-femme-fribourg.ch\/de\/wp-json\/wp\/v2\/pages"}],"about":[{"href":"https:\/\/sage-femme-fribourg.ch\/de\/wp-json\/wp\/v2\/types\/page"}],"author":[{"embeddable":true,"href":"https:\/\/sage-femme-fribourg.ch\/de\/wp-json\/wp\/v2\/users\/3"}],"replies":[{"embeddable":true,"href":"https:\/\/sage-femme-fribourg.ch\/de\/wp-json\/wp\/v2\/comments?post=770"}],"version-history":[{"count":4,"href":"https:\/\/sage-femme-fribourg.ch\/de\/wp-json\/wp\/v2\/pages\/770\/revisions"}],"predecessor-version":[{"id":1653,"href":"https:\/\/sage-femme-fribourg.ch\/de\/wp-json\/wp\/v2\/pages\/770\/revisions\/1653"}],"up":[{"embeddable":true,"href":"https:\/\/sage-femme-fribourg.ch\/de\/wp-json\/wp\/v2\/pages\/1166"}],"wp:attachment":[{"href":"https:\/\/sage-femme-fribourg.ch\/de\/wp-json\/wp\/v2\/media?parent=770"}],"curies":[{"name":"wp","href":"https:\/\/api.w.org\/{rel}","templated":true}]}}