{"id":760,"date":"2022-11-29T00:16:47","date_gmt":"2022-11-28T23:16:47","guid":{"rendered":"https:\/\/sage-femme-fribourg.ch\/?page_id=760"},"modified":"2022-12-02T10:33:34","modified_gmt":"2022-12-02T09:33:34","slug":"nuetzliche-links","status":"publish","type":"page","link":"https:\/\/sage-femme-fribourg.ch\/de\/nuetzliche-infos\/nuetzliche-links\/","title":{"rendered":"N\u00fctzliche Links"},"content":{"rendered":"\n<h2 class=\"wp-block-heading\">Berufsverb\u00e4nde und Organisationen:<\/h2>\n\n\n\n<p><strong>Schweizerischer Hebammenverband:<br><\/strong>Berufsverband der Schweizer Hebammen.<br><a href=\"https:\/\/www.hebamme.ch\">www.hebamme.ch<\/a><\/p>\n\n\n\n<p><strong>BAG (Bundesamt f\u00fcr Gesundheit):<br><\/strong>Hebammenleistungen und R\u00fcckerstattungen<br><a href=\"https:\/\/www.bag.admin.ch\/bag\/de\/home\/versicherungen\/krankenversicherung\/krankenversicherung-leistungen-tarife\/Leistungen-bei-Mutterschaft.html\">www.bag.admin.ch<\/a><\/p>\n\n\n\n<p><strong>ICM (Internationaler Hebammenverband)<br><\/strong>Der ICM unterst\u00fctzt, vertritt und setzt sich f\u00fcr die St\u00e4rkung der Berufsverb\u00e4nde von Hebammen weltweit ein.<br><a href=\"https:\/\/internationalmidwives.org\/fr\/index.html\">www.internationalmidwives.org<\/a> (nur auf Franz\u00f6sisch oder Englisch)<\/p>\n\n\n\n<p><strong>WHO (Weltgesundheitsorganisation)<br><\/strong><a href=\"https:\/\/www.who.int\/\">www.who.int<\/a> (nur auf Franz\u00f6sisch, Englisch), Spanisch und Portugiesisch)<\/p>\n\n\n\n<div style=\"height:50px\" aria-hidden=\"true\" class=\"wp-block-spacer\"><\/div>\n\n\n\n<h2 class=\"wp-block-heading\"><strong><strong>Ressourcen<\/strong>:<\/strong><\/h2>\n\n\n\n<p><strong>Suche nach einer freiberuflichen Hebamme in der Schweiz:<\/strong><br><a href=\"https:\/\/www.hebammensuche.ch\/suche\/\">www.hebammensuche.ch<br><\/a><strong><br><strong>Geburtshaus im Kanton Freiburg<\/strong>:<\/strong><br>Le Petit Prince: Schwangerschaftsbetreuung, Geburt und Wochenbettaufenthalte<br><a href=\"https:\/\/www.le-petit-prince.ch\/home.html\" target=\"_blank\" rel=\"noreferrer noopener\">www.le-petit-prince.ch<\/a><\/p>\n\n\n\n<p><strong>Association Jeunes Parents (Vereinigung junger Eltern):<\/strong><br>Verein zur Unterst\u00fctzung junger Erwachsener und jugendlicher Eltern in der Westschweiz.<br><a href=\"http:\/\/www.jeunesparents.ch\/\" target=\"_blank\" rel=\"noreferrer noopener\">www.jeunesparents.ch<\/a> (nur auf Franz\u00f6sisch)<\/p>\n\n\n\n<p><strong>SuperMamans:<\/strong><br>Netzwerk von Freiwilligen in der Romandie.<br><a href=\"http:\/\/www.supermamans.ch\/\" target=\"_blank\" rel=\"noreferrer noopener\">www.supermamans.ch<\/a> (nur auf Franz\u00f6sisch)<\/p>\n\n\n\n<p><strong><strong>Paar- und Familienberatung Freiburg<\/strong>:<\/strong><br>Dienst f\u00fcr Eheberatung, Familienmediation, M\u00fctter- und V\u00e4terberatung, Begleitung von Familien und Kindern bei Krisen, Trennung, Trauer und Krankheit.<br><a href=\"https:\/\/www.officefamilial.ch\/de\" target=\"_blank\" rel=\"noreferrer noopener\">www.officefamilial.ch<\/a><\/p>\n\n\n\n<p><strong>SOS Werdende M\u00fctter:<\/strong><br>Moralische, materielle oder medizinische Hilfe.<br><a href=\"https:\/\/www.sosfuturesmamans.org\/de\">www.sosfuturesmamans.org<\/a><\/p>\n\n\n\n<p><strong><strong>M\u00fctterhilfe<\/strong><\/strong><br><a href=\"http:\/\/www.aide-maternelle.ch\/\" target=\"_blank\" rel=\"noreferrer noopener\">www.aide-maternelle.ch<\/a>&nbsp;(nur auf Franz\u00f6sisch)<\/p>\n\n\n\n<p><strong><strong>AGAPA<\/strong><\/strong>:<br>Unterst\u00fctzung bei perinataler Trauer<br><a href=\"https:\/\/www.agapa-suisseromande.ch\/\">www.agapa-suisseromande.ch<\/a> (Romandie, nur auf Franz\u00f6sisch)<br><a href=\"http:\/\/www.agapa.ch\">www.agapa.ch<\/a> (Deutsche Schweiz)<\/p>\n\n\n\n<p><strong><strong>Verein PanAae<\/strong>:<\/strong><br>Hebammenbegleitung f\u00fcr Frauen jeglicher Herkunft in ihrer Muttersprache.<br><a href=\"http:\/\/www.panaae.ch\/\" target=\"_blank\" rel=\"noreferrer noopener\">www.panaae.ch<\/a> (Website nicht auf Deutsch)<\/p>\n\n\n\n<p><strong><strong>EspaceFemmes Fribourg \/ Frauenraum Freiburg<\/strong>:<\/strong><br>Berufs- und Rechtsberatung, Sprach-, Computer- und Sportkurse, Kompetenzportfolio, Gesundheitsf\u00f6rderung, Vortr\u00e4ge.<br><a href=\"https:\/\/espacefemmes.org\/de\/\">www.espacefemmes.org<\/a><\/p>\n\n\n\n<p><strong>Caritas:<\/strong><br>Dolmetscherdienst<br><a href=\"https:\/\/www.caritas.ch\/de\/startseite.html\" target=\"_blank\" rel=\"noreferrer noopener\">www.caritas.ch<\/a><\/p>\n\n\n\n<p><strong>La Leche League:<\/strong><br>Informationen zum Stillen<br><a href=\"https:\/\/lalecheleague.ch\/\">www.lalecheleague.ch<\/a><\/p>\n\n\n\n<div style=\"height:50px\" aria-hidden=\"true\" class=\"wp-block-spacer\"><\/div>\n\n\n\n<h2 class=\"wp-block-heading\"><strong><strong>Emotionale Unterst\u00fctzung<\/strong>:<\/strong><\/h2>\n\n\n\n<p><strong><strong>Verein Au coeur des mamans (Herz der M\u00fctter):<\/strong><\/strong><br>Freiburgische Vereinigung von Psycholog*innen, die Unterst\u00fctzung f\u00fcr Frauen bietet, die schwierige Momente rund um die Perinatalit\u00e4t erlebt haben.<br><a href=\"http:\/\/www.aucoeurdesmamans.ch\/\" target=\"_blank\" rel=\"noreferrer noopener\">www.aucoeurdesmamans.ch<\/a> (Website nur auf Franz\u00f6sisch)<\/p>\n\n\n\n<p><strong>Psychiatrische Notf\u00e4lle:<\/strong><br>FNPG (Freiburger Netzwerk f\u00fcr psychische Gesundheit) rund um die Uhr: <a href=\"http:\/\/+41263057777\" target=\"_blank\" rel=\"noreferrer noopener\">026 305 77 77<\/a><br><a href=\"https:\/\/www.rfsm.ch\/de\" target=\"_blank\" rel=\"noreferrer noopener\">www.rfsm.ch<\/a><\/p>\n\n\n\n<p><strong><strong>Die Toises<\/strong><\/strong><br>Psychiatrisches Ambulatorium und Tageszentrum f\u00fcr Psychotherapie: <a href=\"http:\/\/+41584580580\">058 458 05 80<\/a><br><a href=\"https:\/\/www.lestoises.ch\/?lang=de\" target=\"_blank\" rel=\"noreferrer noopener\">www.lestoises.ch<\/a><\/p>\n\n\n\n<div style=\"height:50px\" aria-hidden=\"true\" class=\"wp-block-spacer\"><\/div>\n\n\n\n<h2 class=\"wp-block-heading\"><strong><strong>H\u00e4usliche Gewalt:<\/strong><\/strong><\/h2>\n\n\n\n<p><strong>EX-pression:<\/strong><br>Hilfsorganisation f\u00fcr Menschen mit gewaltt\u00e4tigem Verhalten <a href=\"http:\/\/0848080808\">0848 08 08 08<\/a> (0,04fr\/min)<br>oder SMS <a href=\"http:\/\/+41797033657\">079 703 36 57<\/a><br><a href=\"http:\/\/www.ex-pression.ch\/de\" target=\"_blank\" rel=\"noreferrer noopener\">www.ex-pression.ch<\/a><\/p>\n\n\n\n<p><strong><strong>JA (Jugendamt)<\/strong><\/strong>:<br>Kinder \u2013 und Jugendschutz, familienerg\u00e4nzende Tagesbetreuung, Adoption, Pflegefamilien und sozialp\u00e4dagogische Einrichtungen <a href=\"http:\/\/+41263051530\">026 305 15 30<\/a><\/p>\n\n\n\n<p><strong><strong>Frauenhaus Freiburg<\/strong>:<\/strong><br>Opferberatungsstelle: Opferrechte, Entsch\u00e4digung, h\u00e4usliche Gewalt, sexuelle Bel\u00e4stigung, Zwangsheirat.<br><a href=\"https:\/\/www.sf-lavi.ch\/?lang=de\" target=\"_blank\" rel=\"noreferrer noopener\">www.sf-lavi.ch<\/a><\/p>\n","protected":false},"excerpt":{"rendered":"<p>Berufsverb\u00e4nde und Organisationen: Schweizerischer Hebammenverband:Berufsverband der Schweizer Hebammen.www.hebamme.ch BAG (Bundesamt f\u00fcr Gesundheit):Hebammenleistungen und R\u00fcckerstattungenwww.bag.admin.ch ICM (Internationaler Hebammenverband)Der ICM unterst\u00fctzt, vertritt und setzt sich f\u00fcr die St\u00e4rkung der Berufsverb\u00e4nde von Hebammen weltweit ein.www.internationalmidwives.org (nur auf Franz\u00f6sisch oder Englisch) WHO (Weltgesundheitsorganisation)www.who.int (nur auf Franz\u00f6sisch, Englisch), Spanisch und Portugiesisch) Ressourcen: Suche nach einer freiberuflichen Hebamme in der Schweiz:www.hebammensuche.chGeburtshaus [&hellip;]<\/p>\n","protected":false},"author":3,"featured_media":0,"parent":1185,"menu_order":0,"comment_status":"closed","ping_status":"closed","template":"","meta":{"_editorskit_title_hidden":false,"_editorskit_reading_time":0,"_editorskit_is_block_options_detached":false,"_editorskit_block_options_position":"{}","footnotes":""},"class_list":["post-760","page","type-page","status-publish","hentry"],"yoast_head":"<!-- This site is optimized with the Yoast SEO plugin v27.5 - https:\/\/yoast.com\/product\/yoast-seo-wordpress\/ -->\n<title>N\u00fctzliche Links - Sage-femme<\/title>\n<meta name=\"robots\" content=\"index, follow, max-snippet:-1, max-image-preview:large, max-video-preview:-1\" \/>\n<link rel=\"canonical\" href=\"https:\/\/sage-femme-fribourg.ch\/de\/nuetzliche-infos\/nuetzliche-links\/\" \/>\n<meta property=\"og:locale\" content=\"de_DE\" \/>\n<meta property=\"og:type\" content=\"article\" \/>\n<meta property=\"og:title\" content=\"N\u00fctzliche Links - Sage-femme\" \/>\n<meta property=\"og:description\" content=\"Berufsverb\u00e4nde und Organisationen: Schweizerischer Hebammenverband:Berufsverband der Schweizer Hebammen.www.hebamme.ch BAG (Bundesamt f\u00fcr Gesundheit):Hebammenleistungen und R\u00fcckerstattungenwww.bag.admin.ch ICM (Internationaler Hebammenverband)Der ICM unterst\u00fctzt, vertritt und setzt sich f\u00fcr die St\u00e4rkung der Berufsverb\u00e4nde von Hebammen weltweit ein.www.internationalmidwives.org (nur auf Franz\u00f6sisch oder Englisch) WHO (Weltgesundheitsorganisation)www.who.int (nur auf Franz\u00f6sisch, Englisch), Spanisch und Portugiesisch) Ressourcen: Suche nach einer freiberuflichen Hebamme in der Schweiz:www.hebammensuche.chGeburtshaus [&hellip;]\" \/>\n<meta property=\"og:url\" content=\"https:\/\/sage-femme-fribourg.ch\/de\/nuetzliche-infos\/nuetzliche-links\/\" \/>\n<meta property=\"og:site_name\" content=\"Sage-femme\" \/>\n<meta property=\"article:modified_time\" content=\"2022-12-02T09:33:34+00:00\" \/>\n<meta name=\"twitter:card\" content=\"summary_large_image\" \/>\n<meta name=\"twitter:label1\" content=\"Gesch\u00e4tzte Lesezeit\" \/>\n\t<meta name=\"twitter:data1\" content=\"2\u00a0Minuten\" \/>\n<script type=\"application\/ld+json\" class=\"yoast-schema-graph\">{\"@context\":\"https:\\\/\\\/schema.org\",\"@graph\":[{\"@type\":\"WebPage\",\"@id\":\"https:\\\/\\\/sage-femme-fribourg.ch\\\/de\\\/nuetzliche-infos\\\/nuetzliche-links\\\/\",\"url\":\"https:\\\/\\\/sage-femme-fribourg.ch\\\/de\\\/nuetzliche-infos\\\/nuetzliche-links\\\/\",\"name\":\"N\u00fctzliche Links - Sage-femme\",\"isPartOf\":{\"@id\":\"https:\\\/\\\/sage-femme-fribourg.ch\\\/#website\"},\"datePublished\":\"2022-11-28T23:16:47+00:00\",\"dateModified\":\"2022-12-02T09:33:34+00:00\",\"breadcrumb\":{\"@id\":\"https:\\\/\\\/sage-femme-fribourg.ch\\\/de\\\/nuetzliche-infos\\\/nuetzliche-links\\\/#breadcrumb\"},\"inLanguage\":\"de\",\"potentialAction\":[{\"@type\":\"ReadAction\",\"target\":[\"https:\\\/\\\/sage-femme-fribourg.ch\\\/de\\\/nuetzliche-infos\\\/nuetzliche-links\\\/\"]}]},{\"@type\":\"BreadcrumbList\",\"@id\":\"https:\\\/\\\/sage-femme-fribourg.ch\\\/de\\\/nuetzliche-infos\\\/nuetzliche-links\\\/#breadcrumb\",\"itemListElement\":[{\"@type\":\"ListItem\",\"position\":1,\"name\":\"Home\",\"item\":\"https:\\\/\\\/sage-femme-fribourg.ch\\\/de\\\/\"},{\"@type\":\"ListItem\",\"position\":2,\"name\":\"N\u00fctzliche Infos\",\"item\":\"https:\\\/\\\/sage-femme-fribourg.ch\\\/de\\\/nuetzliche-infos\\\/\"},{\"@type\":\"ListItem\",\"position\":3,\"name\":\"N\u00fctzliche Links\"}]},{\"@type\":\"WebSite\",\"@id\":\"https:\\\/\\\/sage-femme-fribourg.ch\\\/#website\",\"url\":\"https:\\\/\\\/sage-femme-fribourg.ch\\\/\",\"name\":\"Sage-femme\",\"description\":\"Un site utilisant WordPress\",\"potentialAction\":[{\"@type\":\"SearchAction\",\"target\":{\"@type\":\"EntryPoint\",\"urlTemplate\":\"https:\\\/\\\/sage-femme-fribourg.ch\\\/?s={search_term_string}\"},\"query-input\":{\"@type\":\"PropertyValueSpecification\",\"valueRequired\":true,\"valueName\":\"search_term_string\"}}],\"inLanguage\":\"de\"}]}<\/script>\n<!-- \/ Yoast SEO plugin. -->","yoast_head_json":{"title":"N\u00fctzliche Links - Sage-femme","robots":{"index":"index","follow":"follow","max-snippet":"max-snippet:-1","max-image-preview":"max-image-preview:large","max-video-preview":"max-video-preview:-1"},"canonical":"https:\/\/sage-femme-fribourg.ch\/de\/nuetzliche-infos\/nuetzliche-links\/","og_locale":"de_DE","og_type":"article","og_title":"N\u00fctzliche Links - Sage-femme","og_description":"Berufsverb\u00e4nde und Organisationen: Schweizerischer Hebammenverband:Berufsverband der Schweizer Hebammen.www.hebamme.ch BAG (Bundesamt f\u00fcr Gesundheit):Hebammenleistungen und R\u00fcckerstattungenwww.bag.admin.ch ICM (Internationaler Hebammenverband)Der ICM unterst\u00fctzt, vertritt und setzt sich f\u00fcr die St\u00e4rkung der Berufsverb\u00e4nde von Hebammen weltweit ein.www.internationalmidwives.org (nur auf Franz\u00f6sisch oder Englisch) WHO (Weltgesundheitsorganisation)www.who.int (nur auf Franz\u00f6sisch, Englisch), Spanisch und Portugiesisch) Ressourcen: Suche nach einer freiberuflichen Hebamme in der Schweiz:www.hebammensuche.chGeburtshaus [&hellip;]","og_url":"https:\/\/sage-femme-fribourg.ch\/de\/nuetzliche-infos\/nuetzliche-links\/","og_site_name":"Sage-femme","article_modified_time":"2022-12-02T09:33:34+00:00","twitter_card":"summary_large_image","twitter_misc":{"Gesch\u00e4tzte Lesezeit":"2\u00a0Minuten"},"schema":{"@context":"https:\/\/schema.org","@graph":[{"@type":"WebPage","@id":"https:\/\/sage-femme-fribourg.ch\/de\/nuetzliche-infos\/nuetzliche-links\/","url":"https:\/\/sage-femme-fribourg.ch\/de\/nuetzliche-infos\/nuetzliche-links\/","name":"N\u00fctzliche Links - Sage-femme","isPartOf":{"@id":"https:\/\/sage-femme-fribourg.ch\/#website"},"datePublished":"2022-11-28T23:16:47+00:00","dateModified":"2022-12-02T09:33:34+00:00","breadcrumb":{"@id":"https:\/\/sage-femme-fribourg.ch\/de\/nuetzliche-infos\/nuetzliche-links\/#breadcrumb"},"inLanguage":"de","potentialAction":[{"@type":"ReadAction","target":["https:\/\/sage-femme-fribourg.ch\/de\/nuetzliche-infos\/nuetzliche-links\/"]}]},{"@type":"BreadcrumbList","@id":"https:\/\/sage-femme-fribourg.ch\/de\/nuetzliche-infos\/nuetzliche-links\/#breadcrumb","itemListElement":[{"@type":"ListItem","position":1,"name":"Home","item":"https:\/\/sage-femme-fribourg.ch\/de\/"},{"@type":"ListItem","position":2,"name":"N\u00fctzliche Infos","item":"https:\/\/sage-femme-fribourg.ch\/de\/nuetzliche-infos\/"},{"@type":"ListItem","position":3,"name":"N\u00fctzliche Links"}]},{"@type":"WebSite","@id":"https:\/\/sage-femme-fribourg.ch\/#website","url":"https:\/\/sage-femme-fribourg.ch\/","name":"Sage-femme","description":"Un site utilisant WordPress","potentialAction":[{"@type":"SearchAction","target":{"@type":"EntryPoint","urlTemplate":"https:\/\/sage-femme-fribourg.ch\/?s={search_term_string}"},"query-input":{"@type":"PropertyValueSpecification","valueRequired":true,"valueName":"search_term_string"}}],"inLanguage":"de"}]}},"meta_box":[],"_links":{"self":[{"href":"https:\/\/sage-femme-fribourg.ch\/de\/wp-json\/wp\/v2\/pages\/760","targetHints":{"allow":["GET"]}}],"collection":[{"href":"https:\/\/sage-femme-fribourg.ch\/de\/wp-json\/wp\/v2\/pages"}],"about":[{"href":"https:\/\/sage-femme-fribourg.ch\/de\/wp-json\/wp\/v2\/types\/page"}],"author":[{"embeddable":true,"href":"https:\/\/sage-femme-fribourg.ch\/de\/wp-json\/wp\/v2\/users\/3"}],"replies":[{"embeddable":true,"href":"https:\/\/sage-femme-fribourg.ch\/de\/wp-json\/wp\/v2\/comments?post=760"}],"version-history":[{"count":7,"href":"https:\/\/sage-femme-fribourg.ch\/de\/wp-json\/wp\/v2\/pages\/760\/revisions"}],"predecessor-version":[{"id":1231,"href":"https:\/\/sage-femme-fribourg.ch\/de\/wp-json\/wp\/v2\/pages\/760\/revisions\/1231"}],"up":[{"embeddable":true,"href":"https:\/\/sage-femme-fribourg.ch\/de\/wp-json\/wp\/v2\/pages\/1185"}],"wp:attachment":[{"href":"https:\/\/sage-femme-fribourg.ch\/de\/wp-json\/wp\/v2\/media?parent=760"}],"curies":[{"name":"wp","href":"https:\/\/api.w.org\/{rel}","templated":true}]}}