{"id":754,"date":"2022-11-28T17:49:17","date_gmt":"2022-11-28T16:49:17","guid":{"rendered":"https:\/\/sage-femme-fribourg.ch\/?page_id=754"},"modified":"2022-11-29T02:12:19","modified_gmt":"2022-11-29T01:12:19","slug":"wer-sind-wir","status":"publish","type":"page","link":"https:\/\/sage-femme-fribourg.ch\/de\/praesentation\/wer-sind-wir\/","title":{"rendered":"Wer sind wir?"},"content":{"rendered":"\n<p>Diese Website ist Eigentum der Freiburger Sektion des Schweizerischen Hebammenverbandes (SHV).<\/p>\n\n\n\n<p>Der Schweizerische Hebammenverband (SHV) ist in kantonalen Sektionen organisiert.<\/p>\n\n\n\n<p>Die Freiburger Sektion wurde 1917 gegr\u00fcndet und umfasst derzeit rund 100 Hebammen (im Spital und\/oder freiberuflich). Sie wird durch ihren Vorstand vertreten, der aus sechs Hebammen und einem Sekret\u00e4r, der keine Hebamme ist, besteht. Die beiden derzeitigen Co-Pr\u00e4sidentinnen sind Christine Etter Macculi und M\u00e9lanie Linard Ciejak.<\/p>\n\n\n\n<p><\/p>\n\n\n\n<p><\/p>\n\n\n\n<p><\/p>\n\n\n\n<h3 class=\"wp-block-heading\"><strong><strong>Adresse der Sektion<\/strong>:<\/strong><\/h3>\n\n\n\n<p><strong>SHV, Sektion Freiburg<br>Daniel Droz<br>P\u00e9rolles d\u2019En Haut 8<br>1752 Villars-sur-Gl\u00e2ne<\/strong><\/p>\n\n\n\n<p><a href=\"mailto:info@sage-femme-fribourg.ch\" target=\"_blank\" rel=\"noreferrer noopener\">info@sage-femme-fribourg.ch<\/a><\/p>\n\n\n\n<p><\/p>\n\n\n\n<p><\/p>\n\n\n\n<p><em>Auf dieser Website werden nur die im Kanton Freiburg t\u00e4tigen freiberuflichen Hebammen vorgestellt:<\/em> Sie sind alle der Sektion Freiburg des SHV angeschlossen, auch wenn einige von ihnen auch den Sektionen der Nachbarkantone (VD, BE, etc.) angeh\u00f6ren.<\/p>\n\n\n\n<h3 class=\"wp-block-heading\"><strong><em><br><\/em><strong>Die Ziele unserer Sektion entsprechen denen des SHV:<\/strong><\/strong><\/h3>\n\n\n\n<ul class=\"style-list wp-block-list\">\n<li>Sie setzt sich f\u00fcr qualitativ hochstehende Hebammenleistungen ein.<\/li>\n\n\n\n<li>Sie k\u00e4mpft f\u00fcr eine bessere wirtschaftliche und soziale Anerkennung des Berufs.<\/li>\n\n\n\n<li>Sie vertritt die Interessen der Hebammen gegen\u00fcber Beh\u00f6rden, Arbeitgebern und Politikern auf lokaler und nationaler Ebene.<\/li>\n<\/ul>\n\n\n\n<p><br>Unsere Sektion legt zudem Wert darauf, die gegenseitige Unterst\u00fctzung ihrer Mitglieder zu f\u00f6rdern und sorgt f\u00fcr eine gute Kommunikation mit den anderen Akteuren des Gesundheitswesens in unserem Kanton.<\/p>\n\n\n\n<p><\/p>\n\n\n\n<p><\/p>\n\n\n\n<p><\/p>\n","protected":false},"excerpt":{"rendered":"<p>Diese Website ist Eigentum der Freiburger Sektion des Schweizerischen Hebammenverbandes (SHV). Der Schweizerische Hebammenverband (SHV) ist in kantonalen Sektionen organisiert. Die Freiburger Sektion wurde 1917 gegr\u00fcndet und umfasst derzeit rund 100 Hebammen (im Spital und\/oder freiberuflich). Sie wird durch ihren Vorstand vertreten, der aus sechs Hebammen und einem Sekret\u00e4r, der keine Hebamme ist, besteht. Die [&hellip;]<\/p>\n","protected":false},"author":3,"featured_media":0,"parent":1166,"menu_order":0,"comment_status":"closed","ping_status":"closed","template":"","meta":{"_editorskit_title_hidden":false,"_editorskit_reading_time":0,"_editorskit_is_block_options_detached":false,"_editorskit_block_options_position":"{}","footnotes":""},"class_list":["post-754","page","type-page","status-publish","hentry"],"yoast_head":"<!-- This site is optimized with the Yoast SEO plugin v27.5 - https:\/\/yoast.com\/product\/yoast-seo-wordpress\/ -->\n<title>Wer sind wir? - Sage-femme<\/title>\n<meta name=\"robots\" content=\"index, follow, max-snippet:-1, max-image-preview:large, max-video-preview:-1\" \/>\n<link rel=\"canonical\" href=\"https:\/\/sage-femme-fribourg.ch\/de\/praesentation\/wer-sind-wir\/\" \/>\n<meta property=\"og:locale\" content=\"de_DE\" \/>\n<meta property=\"og:type\" content=\"article\" \/>\n<meta property=\"og:title\" content=\"Wer sind wir? - Sage-femme\" \/>\n<meta property=\"og:description\" content=\"Diese Website ist Eigentum der Freiburger Sektion des Schweizerischen Hebammenverbandes (SHV). Der Schweizerische Hebammenverband (SHV) ist in kantonalen Sektionen organisiert. Die Freiburger Sektion wurde 1917 gegr\u00fcndet und umfasst derzeit rund 100 Hebammen (im Spital und\/oder freiberuflich). Sie wird durch ihren Vorstand vertreten, der aus sechs Hebammen und einem Sekret\u00e4r, der keine Hebamme ist, besteht. Die [&hellip;]\" \/>\n<meta property=\"og:url\" content=\"https:\/\/sage-femme-fribourg.ch\/de\/praesentation\/wer-sind-wir\/\" \/>\n<meta property=\"og:site_name\" content=\"Sage-femme\" \/>\n<meta property=\"article:modified_time\" content=\"2022-11-29T01:12:19+00:00\" \/>\n<meta name=\"twitter:card\" content=\"summary_large_image\" \/>\n<meta name=\"twitter:label1\" content=\"Gesch\u00e4tzte Lesezeit\" \/>\n\t<meta name=\"twitter:data1\" content=\"1\u00a0Minute\" \/>\n<script type=\"application\/ld+json\" class=\"yoast-schema-graph\">{\"@context\":\"https:\\\/\\\/schema.org\",\"@graph\":[{\"@type\":\"WebPage\",\"@id\":\"https:\\\/\\\/sage-femme-fribourg.ch\\\/de\\\/praesentation\\\/wer-sind-wir\\\/\",\"url\":\"https:\\\/\\\/sage-femme-fribourg.ch\\\/de\\\/praesentation\\\/wer-sind-wir\\\/\",\"name\":\"Wer sind wir? - Sage-femme\",\"isPartOf\":{\"@id\":\"https:\\\/\\\/sage-femme-fribourg.ch\\\/#website\"},\"datePublished\":\"2022-11-28T16:49:17+00:00\",\"dateModified\":\"2022-11-29T01:12:19+00:00\",\"breadcrumb\":{\"@id\":\"https:\\\/\\\/sage-femme-fribourg.ch\\\/de\\\/praesentation\\\/wer-sind-wir\\\/#breadcrumb\"},\"inLanguage\":\"de\",\"potentialAction\":[{\"@type\":\"ReadAction\",\"target\":[\"https:\\\/\\\/sage-femme-fribourg.ch\\\/de\\\/praesentation\\\/wer-sind-wir\\\/\"]}]},{\"@type\":\"BreadcrumbList\",\"@id\":\"https:\\\/\\\/sage-femme-fribourg.ch\\\/de\\\/praesentation\\\/wer-sind-wir\\\/#breadcrumb\",\"itemListElement\":[{\"@type\":\"ListItem\",\"position\":1,\"name\":\"Home\",\"item\":\"https:\\\/\\\/sage-femme-fribourg.ch\\\/de\\\/\"},{\"@type\":\"ListItem\",\"position\":2,\"name\":\"Pr\u00e4sentation\",\"item\":\"https:\\\/\\\/sage-femme-fribourg.ch\\\/de\\\/praesentation\\\/\"},{\"@type\":\"ListItem\",\"position\":3,\"name\":\"Wer sind wir?\"}]},{\"@type\":\"WebSite\",\"@id\":\"https:\\\/\\\/sage-femme-fribourg.ch\\\/#website\",\"url\":\"https:\\\/\\\/sage-femme-fribourg.ch\\\/\",\"name\":\"Sage-femme\",\"description\":\"Un site utilisant WordPress\",\"potentialAction\":[{\"@type\":\"SearchAction\",\"target\":{\"@type\":\"EntryPoint\",\"urlTemplate\":\"https:\\\/\\\/sage-femme-fribourg.ch\\\/?s={search_term_string}\"},\"query-input\":{\"@type\":\"PropertyValueSpecification\",\"valueRequired\":true,\"valueName\":\"search_term_string\"}}],\"inLanguage\":\"de\"}]}<\/script>\n<!-- \/ Yoast SEO plugin. -->","yoast_head_json":{"title":"Wer sind wir? - Sage-femme","robots":{"index":"index","follow":"follow","max-snippet":"max-snippet:-1","max-image-preview":"max-image-preview:large","max-video-preview":"max-video-preview:-1"},"canonical":"https:\/\/sage-femme-fribourg.ch\/de\/praesentation\/wer-sind-wir\/","og_locale":"de_DE","og_type":"article","og_title":"Wer sind wir? - Sage-femme","og_description":"Diese Website ist Eigentum der Freiburger Sektion des Schweizerischen Hebammenverbandes (SHV). Der Schweizerische Hebammenverband (SHV) ist in kantonalen Sektionen organisiert. Die Freiburger Sektion wurde 1917 gegr\u00fcndet und umfasst derzeit rund 100 Hebammen (im Spital und\/oder freiberuflich). Sie wird durch ihren Vorstand vertreten, der aus sechs Hebammen und einem Sekret\u00e4r, der keine Hebamme ist, besteht. Die [&hellip;]","og_url":"https:\/\/sage-femme-fribourg.ch\/de\/praesentation\/wer-sind-wir\/","og_site_name":"Sage-femme","article_modified_time":"2022-11-29T01:12:19+00:00","twitter_card":"summary_large_image","twitter_misc":{"Gesch\u00e4tzte Lesezeit":"1\u00a0Minute"},"schema":{"@context":"https:\/\/schema.org","@graph":[{"@type":"WebPage","@id":"https:\/\/sage-femme-fribourg.ch\/de\/praesentation\/wer-sind-wir\/","url":"https:\/\/sage-femme-fribourg.ch\/de\/praesentation\/wer-sind-wir\/","name":"Wer sind wir? - Sage-femme","isPartOf":{"@id":"https:\/\/sage-femme-fribourg.ch\/#website"},"datePublished":"2022-11-28T16:49:17+00:00","dateModified":"2022-11-29T01:12:19+00:00","breadcrumb":{"@id":"https:\/\/sage-femme-fribourg.ch\/de\/praesentation\/wer-sind-wir\/#breadcrumb"},"inLanguage":"de","potentialAction":[{"@type":"ReadAction","target":["https:\/\/sage-femme-fribourg.ch\/de\/praesentation\/wer-sind-wir\/"]}]},{"@type":"BreadcrumbList","@id":"https:\/\/sage-femme-fribourg.ch\/de\/praesentation\/wer-sind-wir\/#breadcrumb","itemListElement":[{"@type":"ListItem","position":1,"name":"Home","item":"https:\/\/sage-femme-fribourg.ch\/de\/"},{"@type":"ListItem","position":2,"name":"Pr\u00e4sentation","item":"https:\/\/sage-femme-fribourg.ch\/de\/praesentation\/"},{"@type":"ListItem","position":3,"name":"Wer sind wir?"}]},{"@type":"WebSite","@id":"https:\/\/sage-femme-fribourg.ch\/#website","url":"https:\/\/sage-femme-fribourg.ch\/","name":"Sage-femme","description":"Un site utilisant WordPress","potentialAction":[{"@type":"SearchAction","target":{"@type":"EntryPoint","urlTemplate":"https:\/\/sage-femme-fribourg.ch\/?s={search_term_string}"},"query-input":{"@type":"PropertyValueSpecification","valueRequired":true,"valueName":"search_term_string"}}],"inLanguage":"de"}]}},"meta_box":[],"_links":{"self":[{"href":"https:\/\/sage-femme-fribourg.ch\/de\/wp-json\/wp\/v2\/pages\/754","targetHints":{"allow":["GET"]}}],"collection":[{"href":"https:\/\/sage-femme-fribourg.ch\/de\/wp-json\/wp\/v2\/pages"}],"about":[{"href":"https:\/\/sage-femme-fribourg.ch\/de\/wp-json\/wp\/v2\/types\/page"}],"author":[{"embeddable":true,"href":"https:\/\/sage-femme-fribourg.ch\/de\/wp-json\/wp\/v2\/users\/3"}],"replies":[{"embeddable":true,"href":"https:\/\/sage-femme-fribourg.ch\/de\/wp-json\/wp\/v2\/comments?post=754"}],"version-history":[{"count":3,"href":"https:\/\/sage-femme-fribourg.ch\/de\/wp-json\/wp\/v2\/pages\/754\/revisions"}],"predecessor-version":[{"id":769,"href":"https:\/\/sage-femme-fribourg.ch\/de\/wp-json\/wp\/v2\/pages\/754\/revisions\/769"}],"up":[{"embeddable":true,"href":"https:\/\/sage-femme-fribourg.ch\/de\/wp-json\/wp\/v2\/pages\/1166"}],"wp:attachment":[{"href":"https:\/\/sage-femme-fribourg.ch\/de\/wp-json\/wp\/v2\/media?parent=754"}],"curies":[{"name":"wp","href":"https:\/\/api.w.org\/{rel}","templated":true}]}}