{"id":1157,"date":"2022-10-20T15:51:12","date_gmt":"2022-10-20T13:51:12","guid":{"rendered":"https:\/\/sage-femme-fribourg.ch\/prestations-assurance-de-base\/consultation-dallaitement\/"},"modified":"2022-12-14T08:13:25","modified_gmt":"2022-12-14T07:13:25","slug":"stillberatungen","status":"publish","type":"page","link":"https:\/\/sage-femme-fribourg.ch\/de\/leistungen-grundversicherung\/stillberatungen\/","title":{"rendered":"Stillberatungen"},"content":{"rendered":"\n<div class=\"wp-block-cover aligncenter\" style=\"min-height:500px;aspect-ratio:unset;\"><span aria-hidden=\"true\" class=\"wp-block-cover__background has-background-dim-0 has-background-dim\"><\/span><img loading=\"lazy\" decoding=\"async\" width=\"1280\" height=\"1920\" class=\"wp-block-cover__image-background wp-image-1771\" alt=\"\" src=\"https:\/\/sage-femme-fribourg.ch\/wp-content\/uploads\/2022\/12\/allaitement.jpg\" style=\"object-position:62% 62%\" data-object-fit=\"cover\" data-object-position=\"62% 62%\" srcset=\"https:\/\/sage-femme-fribourg.ch\/wp-content\/uploads\/2022\/12\/allaitement.jpg 1280w, https:\/\/sage-femme-fribourg.ch\/wp-content\/uploads\/2022\/12\/allaitement-200x300.jpg 200w, https:\/\/sage-femme-fribourg.ch\/wp-content\/uploads\/2022\/12\/allaitement-683x1024.jpg 683w, https:\/\/sage-femme-fribourg.ch\/wp-content\/uploads\/2022\/12\/allaitement-768x1152.jpg 768w, https:\/\/sage-femme-fribourg.ch\/wp-content\/uploads\/2022\/12\/allaitement-1024x1536.jpg 1024w\" sizes=\"auto, (max-width: 1280px) 100vw, 1280px\" \/><div class=\"wp-block-cover__inner-container is-layout-flow wp-block-cover-is-layout-flow\">\n<p class=\"has-text-align-center has-large-font-size\"><\/p>\n<\/div><\/div>\n\n\n\n<div style=\"height:50px\" aria-hidden=\"true\" class=\"wp-block-spacer\"><\/div>\n\n\n\n<div class=\"wp-block-columns is-layout-flex wp-container-core-columns-is-layout-9d6595d7 wp-block-columns-is-layout-flex\">\n<div class=\"wp-block-column is-layout-flow wp-block-column-is-layout-flow\" style=\"flex-basis:75%\">\n<h2 class=\"wp-block-heading\">Hebammen unterst\u00fctzen das Stillen und sind ausgebildet Sie auf diesem Weg zu begleiten. Sie k\u00f6nnen sich w\u00e4hrend der gesamten Stillzeit bei Bedarf von einer Hebamme beraten lassen.<\/h2>\n<\/div>\n\n\n\n<div class=\"wp-block-column is-layout-flow wp-block-column-is-layout-flow\" style=\"flex-basis:15%\"><\/div>\n<\/div>\n\n\n\n<div class=\"wp-block-group content-col has-white-background-color has-background\"><div class=\"wp-block-group__inner-container is-layout-constrained wp-block-group-is-layout-constrained\">\n<p><strong>W\u00e4hrend der Stillberatung wird die Hebamme Ihre individuelle Stillsituation einsch\u00e4tzen und Ihre Fragen beantworten. Die Themen k\u00f6nnen sehr vielf\u00e4ltig sein. Hier sind einige Punkte, die w\u00e4hrend einer Beratung angesprochen werden k\u00f6nnen:<\/strong><\/p>\n\n\n\n<div style=\"height:50px\" aria-hidden=\"true\" class=\"wp-block-spacer\"><\/div>\n\n\n\n<div class=\"wp-block-columns is-layout-flex wp-container-core-columns-is-layout-9d6595d7 wp-block-columns-is-layout-flex\">\n<div class=\"wp-block-column is-layout-flow wp-block-column-is-layout-flow\">\n<ul class=\"style-list wp-block-list\">\n<li>Schmerzen (Brustwarzen, Br\u00fcste, etc.)<\/li>\n\n\n\n<li>Milchstau, Mastitis<\/li>\n\n\n\n<li>Hypogalaktie (zu wenig Milch)<\/li>\n\n\n\n<li>Hypergalaktie (zu viel Milch)<\/li>\n\n\n\n<li>H\u00e4ufigkeit und Dauer einer Stillmahlzeit<\/li>\n\n\n\n<li>Zusatz- oder Ersatznahrung<\/li>\n\n\n\n<li>Stillen von Zwillingen oder mehr<\/li>\n\n\n\n<li>Stillen und Wiederaufnahme der Arbeit<\/li>\n<\/ul>\n<\/div>\n\n\n\n<div class=\"wp-block-column is-layout-flow wp-block-column-is-layout-flow\">\n<ul class=\"style-list wp-block-list\">\n<li>Beratung zur Milchpumpe und anderen Stillhilfen<\/li>\n\n\n\n<li>Brustverweigerung, Stillstreik<\/li>\n\n\n\n<li>Stillen von Kindern mit besonderen Bed\u00fcrfnissen<\/li>\n\n\n\n<li>Langes Stillen<\/li>\n\n\n\n<li>Co-Stillen (Stillen eines Neugeborenen und eines \u00e4lteren Kindes)<\/li>\n\n\n\n<li>Entscheidungsfindung und Begleitung beim Abstillen<\/li>\n\n\n\n<li>usw.<\/li>\n<\/ul>\n<\/div>\n<\/div>\n<\/div><\/div>\n\n\n\n<div style=\"height:50px\" aria-hidden=\"true\" class=\"wp-block-spacer\"><\/div>\n\n\n\n<p>Es ist auch m\u00f6glich, sich vor der Geburt \u00fcber das Stillen zu informieren. Wenn Sie interessiert sind, finden Sie Stillkurse, die von unseren Hebammen angeboten werden, in der Rubrik &#8222;NAP&#8220; unter &#8222;Weitere Leistungen&#8220;.<\/p>\n","protected":false},"excerpt":{"rendered":"<p>Hebammen unterst\u00fctzen das Stillen und sind ausgebildet Sie auf diesem Weg zu begleiten. Sie k\u00f6nnen sich w\u00e4hrend der gesamten Stillzeit bei Bedarf von einer Hebamme beraten lassen. W\u00e4hrend der Stillberatung wird die Hebamme Ihre individuelle Stillsituation einsch\u00e4tzen und Ihre Fragen beantworten. Die Themen k\u00f6nnen sehr vielf\u00e4ltig sein. Hier sind einige Punkte, die w\u00e4hrend einer Beratung [&hellip;]<\/p>\n","protected":false},"author":3,"featured_media":0,"parent":1103,"menu_order":0,"comment_status":"closed","ping_status":"closed","template":"","meta":{"_editorskit_title_hidden":false,"_editorskit_reading_time":1,"_editorskit_is_block_options_detached":false,"_editorskit_block_options_position":"{}","footnotes":""},"class_list":["post-1157","page","type-page","status-publish","hentry"],"yoast_head":"<!-- This site is optimized with the Yoast SEO plugin v27.5 - https:\/\/yoast.com\/product\/yoast-seo-wordpress\/ -->\n<title>Stillberatungen - Sage-femme<\/title>\n<meta name=\"robots\" content=\"index, follow, max-snippet:-1, max-image-preview:large, max-video-preview:-1\" \/>\n<link rel=\"canonical\" href=\"https:\/\/sage-femme-fribourg.ch\/de\/leistungen-grundversicherung\/stillberatungen\/\" \/>\n<meta property=\"og:locale\" content=\"de_DE\" \/>\n<meta property=\"og:type\" content=\"article\" \/>\n<meta property=\"og:title\" content=\"Stillberatungen - Sage-femme\" \/>\n<meta property=\"og:description\" content=\"Hebammen unterst\u00fctzen das Stillen und sind ausgebildet Sie auf diesem Weg zu begleiten. Sie k\u00f6nnen sich w\u00e4hrend der gesamten Stillzeit bei Bedarf von einer Hebamme beraten lassen. W\u00e4hrend der Stillberatung wird die Hebamme Ihre individuelle Stillsituation einsch\u00e4tzen und Ihre Fragen beantworten. Die Themen k\u00f6nnen sehr vielf\u00e4ltig sein. Hier sind einige Punkte, die w\u00e4hrend einer Beratung [&hellip;]\" \/>\n<meta property=\"og:url\" content=\"https:\/\/sage-femme-fribourg.ch\/de\/leistungen-grundversicherung\/stillberatungen\/\" \/>\n<meta property=\"og:site_name\" content=\"Sage-femme\" \/>\n<meta property=\"article:modified_time\" content=\"2022-12-14T07:13:25+00:00\" \/>\n<meta property=\"og:image\" content=\"https:\/\/sage-femme-fribourg.ch\/wp-content\/uploads\/2022\/12\/allaitement.jpg\" \/>\n<meta name=\"twitter:card\" content=\"summary_large_image\" \/>\n<meta name=\"twitter:label1\" content=\"Gesch\u00e4tzte Lesezeit\" \/>\n\t<meta name=\"twitter:data1\" content=\"1\u00a0Minute\" \/>\n<script type=\"application\/ld+json\" class=\"yoast-schema-graph\">{\"@context\":\"https:\\\/\\\/schema.org\",\"@graph\":[{\"@type\":\"WebPage\",\"@id\":\"https:\\\/\\\/sage-femme-fribourg.ch\\\/de\\\/leistungen-grundversicherung\\\/stillberatungen\\\/\",\"url\":\"https:\\\/\\\/sage-femme-fribourg.ch\\\/de\\\/leistungen-grundversicherung\\\/stillberatungen\\\/\",\"name\":\"Stillberatungen - Sage-femme\",\"isPartOf\":{\"@id\":\"https:\\\/\\\/sage-femme-fribourg.ch\\\/#website\"},\"primaryImageOfPage\":{\"@id\":\"https:\\\/\\\/sage-femme-fribourg.ch\\\/de\\\/leistungen-grundversicherung\\\/stillberatungen\\\/#primaryimage\"},\"image\":{\"@id\":\"https:\\\/\\\/sage-femme-fribourg.ch\\\/de\\\/leistungen-grundversicherung\\\/stillberatungen\\\/#primaryimage\"},\"thumbnailUrl\":\"https:\\\/\\\/sage-femme-fribourg.ch\\\/wp-content\\\/uploads\\\/2022\\\/12\\\/allaitement.jpg\",\"datePublished\":\"2022-10-20T13:51:12+00:00\",\"dateModified\":\"2022-12-14T07:13:25+00:00\",\"breadcrumb\":{\"@id\":\"https:\\\/\\\/sage-femme-fribourg.ch\\\/de\\\/leistungen-grundversicherung\\\/stillberatungen\\\/#breadcrumb\"},\"inLanguage\":\"de\",\"potentialAction\":[{\"@type\":\"ReadAction\",\"target\":[\"https:\\\/\\\/sage-femme-fribourg.ch\\\/de\\\/leistungen-grundversicherung\\\/stillberatungen\\\/\"]}]},{\"@type\":\"ImageObject\",\"inLanguage\":\"de\",\"@id\":\"https:\\\/\\\/sage-femme-fribourg.ch\\\/de\\\/leistungen-grundversicherung\\\/stillberatungen\\\/#primaryimage\",\"url\":\"https:\\\/\\\/sage-femme-fribourg.ch\\\/wp-content\\\/uploads\\\/2022\\\/12\\\/allaitement.jpg\",\"contentUrl\":\"https:\\\/\\\/sage-femme-fribourg.ch\\\/wp-content\\\/uploads\\\/2022\\\/12\\\/allaitement.jpg\"},{\"@type\":\"BreadcrumbList\",\"@id\":\"https:\\\/\\\/sage-femme-fribourg.ch\\\/de\\\/leistungen-grundversicherung\\\/stillberatungen\\\/#breadcrumb\",\"itemListElement\":[{\"@type\":\"ListItem\",\"position\":1,\"name\":\"Home\",\"item\":\"https:\\\/\\\/sage-femme-fribourg.ch\\\/de\\\/\"},{\"@type\":\"ListItem\",\"position\":2,\"name\":\"Leistungen der Grundversicherung\",\"item\":\"https:\\\/\\\/sage-femme-fribourg.ch\\\/de\\\/leistungen-grundversicherung\\\/\"},{\"@type\":\"ListItem\",\"position\":3,\"name\":\"Stillberatungen\"}]},{\"@type\":\"WebSite\",\"@id\":\"https:\\\/\\\/sage-femme-fribourg.ch\\\/#website\",\"url\":\"https:\\\/\\\/sage-femme-fribourg.ch\\\/\",\"name\":\"Sage-femme\",\"description\":\"Un site utilisant WordPress\",\"potentialAction\":[{\"@type\":\"SearchAction\",\"target\":{\"@type\":\"EntryPoint\",\"urlTemplate\":\"https:\\\/\\\/sage-femme-fribourg.ch\\\/?s={search_term_string}\"},\"query-input\":{\"@type\":\"PropertyValueSpecification\",\"valueRequired\":true,\"valueName\":\"search_term_string\"}}],\"inLanguage\":\"de\"}]}<\/script>\n<!-- \/ Yoast SEO plugin. -->","yoast_head_json":{"title":"Stillberatungen - Sage-femme","robots":{"index":"index","follow":"follow","max-snippet":"max-snippet:-1","max-image-preview":"max-image-preview:large","max-video-preview":"max-video-preview:-1"},"canonical":"https:\/\/sage-femme-fribourg.ch\/de\/leistungen-grundversicherung\/stillberatungen\/","og_locale":"de_DE","og_type":"article","og_title":"Stillberatungen - Sage-femme","og_description":"Hebammen unterst\u00fctzen das Stillen und sind ausgebildet Sie auf diesem Weg zu begleiten. Sie k\u00f6nnen sich w\u00e4hrend der gesamten Stillzeit bei Bedarf von einer Hebamme beraten lassen. W\u00e4hrend der Stillberatung wird die Hebamme Ihre individuelle Stillsituation einsch\u00e4tzen und Ihre Fragen beantworten. Die Themen k\u00f6nnen sehr vielf\u00e4ltig sein. Hier sind einige Punkte, die w\u00e4hrend einer Beratung [&hellip;]","og_url":"https:\/\/sage-femme-fribourg.ch\/de\/leistungen-grundversicherung\/stillberatungen\/","og_site_name":"Sage-femme","article_modified_time":"2022-12-14T07:13:25+00:00","og_image":[{"url":"https:\/\/sage-femme-fribourg.ch\/wp-content\/uploads\/2022\/12\/allaitement.jpg","type":"","width":"","height":""}],"twitter_card":"summary_large_image","twitter_misc":{"Gesch\u00e4tzte Lesezeit":"1\u00a0Minute"},"schema":{"@context":"https:\/\/schema.org","@graph":[{"@type":"WebPage","@id":"https:\/\/sage-femme-fribourg.ch\/de\/leistungen-grundversicherung\/stillberatungen\/","url":"https:\/\/sage-femme-fribourg.ch\/de\/leistungen-grundversicherung\/stillberatungen\/","name":"Stillberatungen - Sage-femme","isPartOf":{"@id":"https:\/\/sage-femme-fribourg.ch\/#website"},"primaryImageOfPage":{"@id":"https:\/\/sage-femme-fribourg.ch\/de\/leistungen-grundversicherung\/stillberatungen\/#primaryimage"},"image":{"@id":"https:\/\/sage-femme-fribourg.ch\/de\/leistungen-grundversicherung\/stillberatungen\/#primaryimage"},"thumbnailUrl":"https:\/\/sage-femme-fribourg.ch\/wp-content\/uploads\/2022\/12\/allaitement.jpg","datePublished":"2022-10-20T13:51:12+00:00","dateModified":"2022-12-14T07:13:25+00:00","breadcrumb":{"@id":"https:\/\/sage-femme-fribourg.ch\/de\/leistungen-grundversicherung\/stillberatungen\/#breadcrumb"},"inLanguage":"de","potentialAction":[{"@type":"ReadAction","target":["https:\/\/sage-femme-fribourg.ch\/de\/leistungen-grundversicherung\/stillberatungen\/"]}]},{"@type":"ImageObject","inLanguage":"de","@id":"https:\/\/sage-femme-fribourg.ch\/de\/leistungen-grundversicherung\/stillberatungen\/#primaryimage","url":"https:\/\/sage-femme-fribourg.ch\/wp-content\/uploads\/2022\/12\/allaitement.jpg","contentUrl":"https:\/\/sage-femme-fribourg.ch\/wp-content\/uploads\/2022\/12\/allaitement.jpg"},{"@type":"BreadcrumbList","@id":"https:\/\/sage-femme-fribourg.ch\/de\/leistungen-grundversicherung\/stillberatungen\/#breadcrumb","itemListElement":[{"@type":"ListItem","position":1,"name":"Home","item":"https:\/\/sage-femme-fribourg.ch\/de\/"},{"@type":"ListItem","position":2,"name":"Leistungen der Grundversicherung","item":"https:\/\/sage-femme-fribourg.ch\/de\/leistungen-grundversicherung\/"},{"@type":"ListItem","position":3,"name":"Stillberatungen"}]},{"@type":"WebSite","@id":"https:\/\/sage-femme-fribourg.ch\/#website","url":"https:\/\/sage-femme-fribourg.ch\/","name":"Sage-femme","description":"Un site utilisant WordPress","potentialAction":[{"@type":"SearchAction","target":{"@type":"EntryPoint","urlTemplate":"https:\/\/sage-femme-fribourg.ch\/?s={search_term_string}"},"query-input":{"@type":"PropertyValueSpecification","valueRequired":true,"valueName":"search_term_string"}}],"inLanguage":"de"}]}},"meta_box":[],"_links":{"self":[{"href":"https:\/\/sage-femme-fribourg.ch\/de\/wp-json\/wp\/v2\/pages\/1157","targetHints":{"allow":["GET"]}}],"collection":[{"href":"https:\/\/sage-femme-fribourg.ch\/de\/wp-json\/wp\/v2\/pages"}],"about":[{"href":"https:\/\/sage-femme-fribourg.ch\/de\/wp-json\/wp\/v2\/types\/page"}],"author":[{"embeddable":true,"href":"https:\/\/sage-femme-fribourg.ch\/de\/wp-json\/wp\/v2\/users\/3"}],"replies":[{"embeddable":true,"href":"https:\/\/sage-femme-fribourg.ch\/de\/wp-json\/wp\/v2\/comments?post=1157"}],"version-history":[{"count":9,"href":"https:\/\/sage-femme-fribourg.ch\/de\/wp-json\/wp\/v2\/pages\/1157\/revisions"}],"predecessor-version":[{"id":1787,"href":"https:\/\/sage-femme-fribourg.ch\/de\/wp-json\/wp\/v2\/pages\/1157\/revisions\/1787"}],"up":[{"embeddable":true,"href":"https:\/\/sage-femme-fribourg.ch\/de\/wp-json\/wp\/v2\/pages\/1103"}],"wp:attachment":[{"href":"https:\/\/sage-femme-fribourg.ch\/de\/wp-json\/wp\/v2\/media?parent=1157"}],"curies":[{"name":"wp","href":"https:\/\/api.w.org\/{rel}","templated":true}]}}