{"id":1154,"date":"2022-10-20T15:51:39","date_gmt":"2022-10-20T13:51:39","guid":{"rendered":"https:\/\/sage-femme-fribourg.ch\/prestations-assurance-de-base\/controle-post-partum-des-6-semaines\/"},"modified":"2022-12-02T08:49:56","modified_gmt":"2022-12-02T07:49:56","slug":"postpartale-6-wochen-kontrolle","status":"publish","type":"page","link":"https:\/\/sage-femme-fribourg.ch\/de\/leistungen-grundversicherung\/postpartale-6-wochen-kontrolle\/","title":{"rendered":"Postpartale &#8222;6-Wochen&#8220;-Kontrolle"},"content":{"rendered":"\n\n\n<div style=\"height:50px\" aria-hidden=\"true\" class=\"wp-block-spacer\"><\/div>\n\n\n\n<div class=\"wp-block-columns is-layout-flex wp-container-core-columns-is-layout-9d6595d7 wp-block-columns-is-layout-flex\">\n<div class=\"wp-block-column is-layout-flow wp-block-column-is-layout-flow\" style=\"flex-basis:75%\">\n<h2 class=\"wp-block-heading\">Die postpartale &#8222;6-Wochen-Kontrolle&#8220; kann bei Ihrem Gyn\u00e4kologen oder bei Ihrer Hebamme durchgef\u00fchrt werden. W\u00e4hrend dieser Kontrolle ist die Hebamme nicht befugt, Ihnen ein Verh\u00fctungsmittel zu verschreiben. Sie wird auch keine Ultraschalluntersuchung durchf\u00fchren. Wenn sie der Meinung ist, dass eine Ultraschalluntersuchung notwendig ist, wird sie Sie an Ihren Gyn\u00e4kologen verweisen.<\/h2>\n<\/div>\n\n\n\n<div class=\"wp-block-column is-layout-flow wp-block-column-is-layout-flow\" style=\"flex-basis:15%\"><\/div>\n<\/div>\n\n\n\n<div style=\"height:50px\" aria-hidden=\"true\" class=\"wp-block-spacer\"><\/div>\n\n\n\n<h3 class=\"has-text-align-center wp-block-heading\"><strong>Punkte, die die Hebamme bei dieser Kontrolle anspricht (nicht vollst\u00e4ndige Liste)<\/strong><\/h3>\n\n\n\n<div style=\"height:50px\" aria-hidden=\"true\" class=\"wp-block-spacer\"><\/div>\n\n\n\n<div class=\"wp-block-columns is-layout-flex wp-container-core-columns-is-layout-9d6595d7 wp-block-columns-is-layout-flex\">\n<div class=\"wp-block-column content-col has-white-background-color has-background is-layout-flow wp-block-column-is-layout-flow\">\n<h4 class=\"has-text-align-center wp-block-heading\"><strong>Mutter<\/strong><\/h4>\n\n\n\n<ul class=\"style-list wp-block-list\">\n<li>R\u00fcckblick auf das Erleben der Schwangerschaft und auf das Erleben der Geburt (wenn Sie das Bed\u00fcrfnis danach haben).<\/li>\n\n\n\n<li>Bilanz der ersten Wochen mit Ihrem Kind\/Ihren Kindern, Erleben des Wochenbetts.<\/li>\n\n\n\n<li>K\u00f6rperliche Bestandsaufnahme: eventuelle Schmerzen, Schlaf, klinische Untersuchung (Vitalzeichen, Gewicht, Rektusdiastase, Gesundheit der Br\u00fcste, der Geb\u00e4rmutter, des Damms, Ausfluss, Verdauung, eventuelle Harnwegssymptome&#8230;).<\/li>\n\n\n\n<li>Sexualit\u00e4t: Wiederaufnahme? Ver\u00e4nderungen des Verlangens? Schmerzen? Diskussion um Verh\u00fctung usw.<\/li>\n\n\n\n<li>Beziehung zum Partner\/zur Partnerin?<\/li>\n\n\n\n<li>Pl\u00e4ne ? Zeit f\u00fcr sich selbst ?<\/li>\n\n\n\n<li>Unterst\u00fctzungsnetzwerk, das Ihre Familie umgibt?<\/li>\n\n\n\n<li>Beantworten Ihrer Fragen<\/li>\n<\/ul>\n<\/div>\n\n\n\n<div class=\"wp-block-column content-col has-white-background-color has-background is-layout-flow wp-block-column-is-layout-flow\">\n<h4 class=\"has-text-align-center wp-block-heading\"><strong>Baby<\/strong><\/h4>\n\n\n\n<ul class=\"wp-block-list\">\n<li>Ern\u00e4hrung (Art, H\u00e4ufigkeit, Dauer)<\/li>\n\n\n\n<li>Schlafen<\/li>\n\n\n\n<li>Allgemeines Aussehen, Verhalten, Entwicklung (L\u00e4cheln, Interaktionen, Aktivit\u00e4ten &#8230;)<\/li>\n\n\n\n<li>Klinische Untersuchung: Gr\u00f6\u00dfe, Gewicht, Kopfumfang, Vitalzeichen, Haut, Fontanellen, Augen, Genitalien usw.<\/li>\n\n\n\n<li>R\u00fcckblick auf die p\u00e4diatrische Untersuchung nach 1 Monat.<\/li>\n<\/ul>\n<\/div>\n<\/div>\n","protected":false},"excerpt":{"rendered":"<p>Die postpartale &#8222;6-Wochen-Kontrolle&#8220; kann bei Ihrem Gyn\u00e4kologen oder bei Ihrer Hebamme durchgef\u00fchrt werden. W\u00e4hrend dieser Kontrolle ist die Hebamme nicht befugt, Ihnen ein Verh\u00fctungsmittel zu verschreiben. Sie wird auch keine Ultraschalluntersuchung durchf\u00fchren. Wenn sie der Meinung ist, dass eine Ultraschalluntersuchung notwendig ist, wird sie Sie an Ihren Gyn\u00e4kologen verweisen. Punkte, die die Hebamme bei dieser [&hellip;]<\/p>\n","protected":false},"author":3,"featured_media":0,"parent":1103,"menu_order":0,"comment_status":"closed","ping_status":"closed","template":"","meta":{"_editorskit_title_hidden":false,"_editorskit_reading_time":1,"_editorskit_is_block_options_detached":false,"_editorskit_block_options_position":"{}","footnotes":""},"class_list":["post-1154","page","type-page","status-publish","hentry"],"yoast_head":"<!-- This site is optimized with the Yoast SEO plugin v27.6 - https:\/\/yoast.com\/product\/yoast-seo-wordpress\/ -->\n<title>Postpartale &quot;6-Wochen&quot;-Kontrolle - Sage-femme<\/title>\n<meta name=\"robots\" content=\"index, follow, max-snippet:-1, max-image-preview:large, max-video-preview:-1\" \/>\n<link rel=\"canonical\" href=\"https:\/\/sage-femme-fribourg.ch\/de\/leistungen-grundversicherung\/postpartale-6-wochen-kontrolle\/\" \/>\n<meta property=\"og:locale\" content=\"de_DE\" \/>\n<meta property=\"og:type\" content=\"article\" \/>\n<meta property=\"og:title\" content=\"Postpartale &quot;6-Wochen&quot;-Kontrolle - Sage-femme\" \/>\n<meta property=\"og:description\" content=\"Die postpartale &#8222;6-Wochen-Kontrolle&#8220; kann bei Ihrem Gyn\u00e4kologen oder bei Ihrer Hebamme durchgef\u00fchrt werden. W\u00e4hrend dieser Kontrolle ist die Hebamme nicht befugt, Ihnen ein Verh\u00fctungsmittel zu verschreiben. Sie wird auch keine Ultraschalluntersuchung durchf\u00fchren. Wenn sie der Meinung ist, dass eine Ultraschalluntersuchung notwendig ist, wird sie Sie an Ihren Gyn\u00e4kologen verweisen. Punkte, die die Hebamme bei dieser [&hellip;]\" \/>\n<meta property=\"og:url\" content=\"https:\/\/sage-femme-fribourg.ch\/de\/leistungen-grundversicherung\/postpartale-6-wochen-kontrolle\/\" \/>\n<meta property=\"og:site_name\" content=\"Sage-femme\" \/>\n<meta property=\"article:modified_time\" content=\"2022-12-02T07:49:56+00:00\" \/>\n<meta property=\"og:image\" content=\"https:\/\/sage-femme-fribourg.ch\/wp-content\/uploads\/2022\/11\/controle-grossesse.jpg\" \/>\n<meta name=\"twitter:card\" content=\"summary_large_image\" \/>\n<meta name=\"twitter:label1\" content=\"Gesch\u00e4tzte Lesezeit\" \/>\n\t<meta name=\"twitter:data1\" content=\"2\u00a0Minuten\" \/>\n<script type=\"application\/ld+json\" class=\"yoast-schema-graph\">{\"@context\":\"https:\\\/\\\/schema.org\",\"@graph\":[{\"@type\":\"WebPage\",\"@id\":\"https:\\\/\\\/sage-femme-fribourg.ch\\\/de\\\/leistungen-grundversicherung\\\/postpartale-6-wochen-kontrolle\\\/\",\"url\":\"https:\\\/\\\/sage-femme-fribourg.ch\\\/de\\\/leistungen-grundversicherung\\\/postpartale-6-wochen-kontrolle\\\/\",\"name\":\"Postpartale \\\"6-Wochen\\\"-Kontrolle - Sage-femme\",\"isPartOf\":{\"@id\":\"https:\\\/\\\/sage-femme-fribourg.ch\\\/#website\"},\"primaryImageOfPage\":{\"@id\":\"https:\\\/\\\/sage-femme-fribourg.ch\\\/de\\\/leistungen-grundversicherung\\\/postpartale-6-wochen-kontrolle\\\/#primaryimage\"},\"image\":{\"@id\":\"https:\\\/\\\/sage-femme-fribourg.ch\\\/de\\\/leistungen-grundversicherung\\\/postpartale-6-wochen-kontrolle\\\/#primaryimage\"},\"thumbnailUrl\":\"https:\\\/\\\/sage-femme-fribourg.ch\\\/wp-content\\\/uploads\\\/2022\\\/11\\\/controle-grossesse.jpg\",\"datePublished\":\"2022-10-20T13:51:39+00:00\",\"dateModified\":\"2022-12-02T07:49:56+00:00\",\"breadcrumb\":{\"@id\":\"https:\\\/\\\/sage-femme-fribourg.ch\\\/de\\\/leistungen-grundversicherung\\\/postpartale-6-wochen-kontrolle\\\/#breadcrumb\"},\"inLanguage\":\"de\",\"potentialAction\":[{\"@type\":\"ReadAction\",\"target\":[\"https:\\\/\\\/sage-femme-fribourg.ch\\\/de\\\/leistungen-grundversicherung\\\/postpartale-6-wochen-kontrolle\\\/\"]}]},{\"@type\":\"ImageObject\",\"inLanguage\":\"de\",\"@id\":\"https:\\\/\\\/sage-femme-fribourg.ch\\\/de\\\/leistungen-grundversicherung\\\/postpartale-6-wochen-kontrolle\\\/#primaryimage\",\"url\":\"https:\\\/\\\/sage-femme-fribourg.ch\\\/wp-content\\\/uploads\\\/2022\\\/11\\\/controle-grossesse.jpg\",\"contentUrl\":\"https:\\\/\\\/sage-femme-fribourg.ch\\\/wp-content\\\/uploads\\\/2022\\\/11\\\/controle-grossesse.jpg\"},{\"@type\":\"BreadcrumbList\",\"@id\":\"https:\\\/\\\/sage-femme-fribourg.ch\\\/de\\\/leistungen-grundversicherung\\\/postpartale-6-wochen-kontrolle\\\/#breadcrumb\",\"itemListElement\":[{\"@type\":\"ListItem\",\"position\":1,\"name\":\"Home\",\"item\":\"https:\\\/\\\/sage-femme-fribourg.ch\\\/de\\\/\"},{\"@type\":\"ListItem\",\"position\":2,\"name\":\"Leistungen der Grundversicherung\",\"item\":\"https:\\\/\\\/sage-femme-fribourg.ch\\\/de\\\/leistungen-grundversicherung\\\/\"},{\"@type\":\"ListItem\",\"position\":3,\"name\":\"Postpartale \u00ab\u00a06-Wochen\u00a0\u00bb-Kontrolle\"}]},{\"@type\":\"WebSite\",\"@id\":\"https:\\\/\\\/sage-femme-fribourg.ch\\\/#website\",\"url\":\"https:\\\/\\\/sage-femme-fribourg.ch\\\/\",\"name\":\"Sage-femme\",\"description\":\"Un site utilisant WordPress\",\"potentialAction\":[{\"@type\":\"SearchAction\",\"target\":{\"@type\":\"EntryPoint\",\"urlTemplate\":\"https:\\\/\\\/sage-femme-fribourg.ch\\\/?s={search_term_string}\"},\"query-input\":{\"@type\":\"PropertyValueSpecification\",\"valueRequired\":true,\"valueName\":\"search_term_string\"}}],\"inLanguage\":\"de\"}]}<\/script>\n<!-- \/ Yoast SEO plugin. -->","yoast_head_json":{"title":"Postpartale \"6-Wochen\"-Kontrolle - Sage-femme","robots":{"index":"index","follow":"follow","max-snippet":"max-snippet:-1","max-image-preview":"max-image-preview:large","max-video-preview":"max-video-preview:-1"},"canonical":"https:\/\/sage-femme-fribourg.ch\/de\/leistungen-grundversicherung\/postpartale-6-wochen-kontrolle\/","og_locale":"de_DE","og_type":"article","og_title":"Postpartale \"6-Wochen\"-Kontrolle - Sage-femme","og_description":"Die postpartale &#8222;6-Wochen-Kontrolle&#8220; kann bei Ihrem Gyn\u00e4kologen oder bei Ihrer Hebamme durchgef\u00fchrt werden. W\u00e4hrend dieser Kontrolle ist die Hebamme nicht befugt, Ihnen ein Verh\u00fctungsmittel zu verschreiben. Sie wird auch keine Ultraschalluntersuchung durchf\u00fchren. Wenn sie der Meinung ist, dass eine Ultraschalluntersuchung notwendig ist, wird sie Sie an Ihren Gyn\u00e4kologen verweisen. Punkte, die die Hebamme bei dieser [&hellip;]","og_url":"https:\/\/sage-femme-fribourg.ch\/de\/leistungen-grundversicherung\/postpartale-6-wochen-kontrolle\/","og_site_name":"Sage-femme","article_modified_time":"2022-12-02T07:49:56+00:00","og_image":[{"url":"https:\/\/sage-femme-fribourg.ch\/wp-content\/uploads\/2022\/11\/controle-grossesse.jpg","type":"","width":"","height":""}],"twitter_card":"summary_large_image","twitter_misc":{"Gesch\u00e4tzte Lesezeit":"2\u00a0Minuten"},"schema":{"@context":"https:\/\/schema.org","@graph":[{"@type":"WebPage","@id":"https:\/\/sage-femme-fribourg.ch\/de\/leistungen-grundversicherung\/postpartale-6-wochen-kontrolle\/","url":"https:\/\/sage-femme-fribourg.ch\/de\/leistungen-grundversicherung\/postpartale-6-wochen-kontrolle\/","name":"Postpartale \"6-Wochen\"-Kontrolle - Sage-femme","isPartOf":{"@id":"https:\/\/sage-femme-fribourg.ch\/#website"},"primaryImageOfPage":{"@id":"https:\/\/sage-femme-fribourg.ch\/de\/leistungen-grundversicherung\/postpartale-6-wochen-kontrolle\/#primaryimage"},"image":{"@id":"https:\/\/sage-femme-fribourg.ch\/de\/leistungen-grundversicherung\/postpartale-6-wochen-kontrolle\/#primaryimage"},"thumbnailUrl":"https:\/\/sage-femme-fribourg.ch\/wp-content\/uploads\/2022\/11\/controle-grossesse.jpg","datePublished":"2022-10-20T13:51:39+00:00","dateModified":"2022-12-02T07:49:56+00:00","breadcrumb":{"@id":"https:\/\/sage-femme-fribourg.ch\/de\/leistungen-grundversicherung\/postpartale-6-wochen-kontrolle\/#breadcrumb"},"inLanguage":"de","potentialAction":[{"@type":"ReadAction","target":["https:\/\/sage-femme-fribourg.ch\/de\/leistungen-grundversicherung\/postpartale-6-wochen-kontrolle\/"]}]},{"@type":"ImageObject","inLanguage":"de","@id":"https:\/\/sage-femme-fribourg.ch\/de\/leistungen-grundversicherung\/postpartale-6-wochen-kontrolle\/#primaryimage","url":"https:\/\/sage-femme-fribourg.ch\/wp-content\/uploads\/2022\/11\/controle-grossesse.jpg","contentUrl":"https:\/\/sage-femme-fribourg.ch\/wp-content\/uploads\/2022\/11\/controle-grossesse.jpg"},{"@type":"BreadcrumbList","@id":"https:\/\/sage-femme-fribourg.ch\/de\/leistungen-grundversicherung\/postpartale-6-wochen-kontrolle\/#breadcrumb","itemListElement":[{"@type":"ListItem","position":1,"name":"Home","item":"https:\/\/sage-femme-fribourg.ch\/de\/"},{"@type":"ListItem","position":2,"name":"Leistungen der Grundversicherung","item":"https:\/\/sage-femme-fribourg.ch\/de\/leistungen-grundversicherung\/"},{"@type":"ListItem","position":3,"name":"Postpartale \u00ab\u00a06-Wochen\u00a0\u00bb-Kontrolle"}]},{"@type":"WebSite","@id":"https:\/\/sage-femme-fribourg.ch\/#website","url":"https:\/\/sage-femme-fribourg.ch\/","name":"Sage-femme","description":"Un site utilisant WordPress","potentialAction":[{"@type":"SearchAction","target":{"@type":"EntryPoint","urlTemplate":"https:\/\/sage-femme-fribourg.ch\/?s={search_term_string}"},"query-input":{"@type":"PropertyValueSpecification","valueRequired":true,"valueName":"search_term_string"}}],"inLanguage":"de"}]}},"meta_box":[],"_links":{"self":[{"href":"https:\/\/sage-femme-fribourg.ch\/de\/wp-json\/wp\/v2\/pages\/1154","targetHints":{"allow":["GET"]}}],"collection":[{"href":"https:\/\/sage-femme-fribourg.ch\/de\/wp-json\/wp\/v2\/pages"}],"about":[{"href":"https:\/\/sage-femme-fribourg.ch\/de\/wp-json\/wp\/v2\/types\/page"}],"author":[{"embeddable":true,"href":"https:\/\/sage-femme-fribourg.ch\/de\/wp-json\/wp\/v2\/users\/3"}],"replies":[{"embeddable":true,"href":"https:\/\/sage-femme-fribourg.ch\/de\/wp-json\/wp\/v2\/comments?post=1154"}],"version-history":[{"count":2,"href":"https:\/\/sage-femme-fribourg.ch\/de\/wp-json\/wp\/v2\/pages\/1154\/revisions"}],"predecessor-version":[{"id":1178,"href":"https:\/\/sage-femme-fribourg.ch\/de\/wp-json\/wp\/v2\/pages\/1154\/revisions\/1178"}],"up":[{"embeddable":true,"href":"https:\/\/sage-femme-fribourg.ch\/de\/wp-json\/wp\/v2\/pages\/1103"}],"wp:attachment":[{"href":"https:\/\/sage-femme-fribourg.ch\/de\/wp-json\/wp\/v2\/media?parent=1154"}],"curies":[{"name":"wp","href":"https:\/\/api.w.org\/{rel}","templated":true}]}}