{"id":1151,"date":"2022-10-20T15:50:57","date_gmt":"2022-10-20T13:50:57","guid":{"rendered":"https:\/\/sage-femme-fribourg.ch\/prestations-assurance-de-base\/suivi-du-post-partum\/"},"modified":"2022-12-12T21:03:38","modified_gmt":"2022-12-12T20:03:38","slug":"betreuung-nach-gebur","status":"publish","type":"page","link":"https:\/\/sage-femme-fribourg.ch\/de\/leistungen-grundversicherung\/betreuung-nach-gebur\/","title":{"rendered":"Betreuung nach der Geburt"},"content":{"rendered":"\n<div class=\"wp-block-cover aligncenter is-light\" style=\"min-height:400px;aspect-ratio:unset;\"><span aria-hidden=\"true\" class=\"wp-block-cover__background has-background-dim-0 has-background-dim\"><\/span><img decoding=\"async\" class=\"wp-block-cover__image-background wp-image-1555\" alt=\"\" src=\"https:\/\/sage-femme-fribourg.ch\/wp-content\/uploads\/2022\/12\/Jeanne-G.-scaled.jpg\" data-object-fit=\"cover\"\/><div class=\"wp-block-cover__inner-container is-layout-flow wp-block-cover-is-layout-flow\">\n<p class=\"has-text-align-center has-large-font-size\"><\/p>\n\n\n\n<p><\/p>\n<\/div><\/div>\n\n\n\n<div style=\"height:50px\" aria-hidden=\"true\" class=\"wp-block-spacer\"><\/div>\n\n\n\n<div class=\"wp-block-columns is-layout-flex wp-container-core-columns-is-layout-9d6595d7 wp-block-columns-is-layout-flex\">\n<div class=\"wp-block-column is-layout-flow wp-block-column-is-layout-flow\" style=\"flex-basis:75%\">\n<h2 class=\"wp-block-heading\">Hebammen sind f\u00fcr die postpartale Betreuung von W\u00f6chnerinnen und deren Neugeborenen ausgebildet. Sie erkennen, behandeln und stabilisieren postpartale Komplikationen selbstst\u00e4ndig oder in Zusammenarbeit mit anderen Gesundheitsfachkr\u00e4ften. Eine postpartale Betreuung erfolgt \u00fcber mehrere Wochen oder sogar Monate.<\/h2>\n<\/div>\n\n\n\n<div class=\"wp-block-column is-layout-flow wp-block-column-is-layout-flow\" style=\"flex-basis:15%\"><\/div>\n<\/div>\n\n\n\n<p>Hebammen begleiten Frauen bei der Entscheidung, wie sie ihr Neugeborenes ern\u00e4hren sollen: sei es mit Stillen oder mit k\u00fcnstlicher S\u00e4uglingsnahrung. Da das Wochenbett eine Zeit intensiver k\u00f6rperlicher und emotionaler Ver\u00e4nderungen ist, helfen sie den Frauen, ihren Alltag zu organisieren, beobachten ihren emotionalen Zustand und verweisen sie bei Bedarf an geeignete Unterst\u00fctzungsdienste.<\/p>\n\n\n\n<h3 class=\"has-text-align-center wp-block-heading\"><br><strong><br><strong><strong>Die postpartale Nachsorge umfasst (nicht vollst\u00e4ndige Liste)<\/strong><\/strong><\/strong><\/h3>\n\n\n\n<div style=\"height:50px\" aria-hidden=\"true\" class=\"wp-block-spacer\"><\/div>\n\n\n\n<div class=\"wp-block-columns content-col has-white-background-color has-background is-layout-flex wp-container-core-columns-is-layout-9d6595d7 wp-block-columns-is-layout-flex\">\n<div class=\"wp-block-column is-layout-flow wp-block-column-is-layout-flow\">\n<ul class=\"style-list wp-block-list\">\n<li>Anamnese (Gesundheitscheck, Informationen \u00fcber die Geburt und den Aufenthalt in der Entbindungsstation).<\/li>\n\n\n\n<li>Beantworten ihrer Fragen<\/li>\n\n\n\n<li>Kontrolle ihres k\u00f6rperlichen Zustands: Vitalzeichen, Brustgesundheit, Involution der Geb\u00e4rmutter und Entwicklung des Wochenflusses, \u00dcberwachung der Heilung m\u00f6glicher Geburtsverletzungen (Kaiserschnittnarbe, Dammnaht oder -verletzung&#8230; ).<\/li>\n\n\n\n<li>Kontrolle ihres Neugeborenen: allgemeines Aussehen, Gewicht, Vitalzeichen und andere \u00dcberwachungen (Gelbsucht, Haut, Augen, Abtrocknung der Nabelschnur usw.).<\/li>\n\n\n\n<li>Technische&#8220; Gesten wie: Entfernung eventueller Klammern oder F\u00e4den, Blutentnahme beim Neugeborenen (Guthrie-Test, Kontrolle des Bilirubinspiegels).<\/li>\n\n\n\n<li>Verabreichung von Vitamin K und Vitamin D<\/li>\n<\/ul>\n<\/div>\n\n\n\n<div class=\"wp-block-column is-layout-flow wp-block-column-is-layout-flow\">\n<ul class=\"style-list wp-block-list\">\n<li>Beurteilung Ihres emotionalen Zustands und Begleitung bei Zweifeln, Anf\u00e4lligkeit und Stimmungsschwankungen.<\/li>\n\n\n\n<li>Stillberatung (Pflege der Brustwarzen, Anlegetechniken, Vorbeugung und\/oder Behandlung eines Milchstau\u2019s oder einer Mastitis usw.).<\/li>\n\n\n\n<li>Beratung bei der Ern\u00e4hrung mit k\u00fcnstlicher Milch (Zubereitung vom Fl\u00e4schchen, Milchtyp usw.)<\/li>\n\n\n\n<li>Ratschl\u00e4ge zum Thema Fitness<\/li>\n\n\n\n<li>Beratung rund um Verh\u00fctung, Wiederaufnahme der Sexualit\u00e4t, Familienplanung usw.<\/li>\n\n\n\n<li>Beratung rund um die Pflege des Neugeborenen, \u00fcber das Schlafen und Wachsein, \u00fcber sein Weinen und die allgemeine S\u00e4uglingspflege.<\/li>\n\n\n\n<li>Informationen \u00fcber die Elternschaft<\/li>\n\n\n\n<li>Orientierung \u00fcber die verschiedenen Gesundheitsdienste im Kanton und die verschiedenen Ressourcen, die Ihnen zur Verf\u00fcgung stehen.<\/li>\n<\/ul>\n<\/div>\n<\/div>\n","protected":false},"excerpt":{"rendered":"<p>Hebammen sind f\u00fcr die postpartale Betreuung von W\u00f6chnerinnen und deren Neugeborenen ausgebildet. Sie erkennen, behandeln und stabilisieren postpartale Komplikationen selbstst\u00e4ndig oder in Zusammenarbeit mit anderen Gesundheitsfachkr\u00e4ften. Eine postpartale Betreuung erfolgt \u00fcber mehrere Wochen oder sogar Monate. Hebammen begleiten Frauen bei der Entscheidung, wie sie ihr Neugeborenes ern\u00e4hren sollen: sei es mit Stillen oder mit k\u00fcnstlicher [&hellip;]<\/p>\n","protected":false},"author":3,"featured_media":0,"parent":1103,"menu_order":0,"comment_status":"closed","ping_status":"closed","template":"","meta":{"_editorskit_title_hidden":false,"_editorskit_reading_time":1,"_editorskit_is_block_options_detached":false,"_editorskit_block_options_position":"{}","footnotes":""},"class_list":["post-1151","page","type-page","status-publish","hentry"],"yoast_head":"<!-- This site is optimized with the Yoast SEO plugin v27.6 - https:\/\/yoast.com\/product\/yoast-seo-wordpress\/ -->\n<title>Betreuung nach der Geburt - Sage-femme<\/title>\n<meta name=\"robots\" content=\"index, follow, max-snippet:-1, max-image-preview:large, max-video-preview:-1\" \/>\n<link rel=\"canonical\" href=\"https:\/\/sage-femme-fribourg.ch\/de\/leistungen-grundversicherung\/betreuung-nach-gebur\/\" \/>\n<meta property=\"og:locale\" content=\"de_DE\" \/>\n<meta property=\"og:type\" content=\"article\" \/>\n<meta property=\"og:title\" content=\"Betreuung nach der Geburt - Sage-femme\" \/>\n<meta property=\"og:description\" content=\"Hebammen sind f\u00fcr die postpartale Betreuung von W\u00f6chnerinnen und deren Neugeborenen ausgebildet. Sie erkennen, behandeln und stabilisieren postpartale Komplikationen selbstst\u00e4ndig oder in Zusammenarbeit mit anderen Gesundheitsfachkr\u00e4ften. Eine postpartale Betreuung erfolgt \u00fcber mehrere Wochen oder sogar Monate. Hebammen begleiten Frauen bei der Entscheidung, wie sie ihr Neugeborenes ern\u00e4hren sollen: sei es mit Stillen oder mit k\u00fcnstlicher [&hellip;]\" \/>\n<meta property=\"og:url\" content=\"https:\/\/sage-femme-fribourg.ch\/de\/leistungen-grundversicherung\/betreuung-nach-gebur\/\" \/>\n<meta property=\"og:site_name\" content=\"Sage-femme\" \/>\n<meta property=\"article:modified_time\" content=\"2022-12-12T20:03:38+00:00\" \/>\n<meta property=\"og:image\" content=\"https:\/\/sage-femme-fribourg.ch\/wp-content\/uploads\/2022\/12\/Jeanne-G.-scaled.jpg\" \/>\n<meta name=\"twitter:card\" content=\"summary_large_image\" \/>\n<meta name=\"twitter:label1\" content=\"Gesch\u00e4tzte Lesezeit\" \/>\n\t<meta name=\"twitter:data1\" content=\"2\u00a0Minuten\" \/>\n<script type=\"application\/ld+json\" class=\"yoast-schema-graph\">{\"@context\":\"https:\\\/\\\/schema.org\",\"@graph\":[{\"@type\":\"WebPage\",\"@id\":\"https:\\\/\\\/sage-femme-fribourg.ch\\\/de\\\/leistungen-grundversicherung\\\/betreuung-nach-gebur\\\/\",\"url\":\"https:\\\/\\\/sage-femme-fribourg.ch\\\/de\\\/leistungen-grundversicherung\\\/betreuung-nach-gebur\\\/\",\"name\":\"Betreuung nach der Geburt - Sage-femme\",\"isPartOf\":{\"@id\":\"https:\\\/\\\/sage-femme-fribourg.ch\\\/#website\"},\"primaryImageOfPage\":{\"@id\":\"https:\\\/\\\/sage-femme-fribourg.ch\\\/de\\\/leistungen-grundversicherung\\\/betreuung-nach-gebur\\\/#primaryimage\"},\"image\":{\"@id\":\"https:\\\/\\\/sage-femme-fribourg.ch\\\/de\\\/leistungen-grundversicherung\\\/betreuung-nach-gebur\\\/#primaryimage\"},\"thumbnailUrl\":\"https:\\\/\\\/sage-femme-fribourg.ch\\\/wp-content\\\/uploads\\\/2022\\\/12\\\/Jeanne-G.-scaled.jpg\",\"datePublished\":\"2022-10-20T13:50:57+00:00\",\"dateModified\":\"2022-12-12T20:03:38+00:00\",\"breadcrumb\":{\"@id\":\"https:\\\/\\\/sage-femme-fribourg.ch\\\/de\\\/leistungen-grundversicherung\\\/betreuung-nach-gebur\\\/#breadcrumb\"},\"inLanguage\":\"de\",\"potentialAction\":[{\"@type\":\"ReadAction\",\"target\":[\"https:\\\/\\\/sage-femme-fribourg.ch\\\/de\\\/leistungen-grundversicherung\\\/betreuung-nach-gebur\\\/\"]}]},{\"@type\":\"ImageObject\",\"inLanguage\":\"de\",\"@id\":\"https:\\\/\\\/sage-femme-fribourg.ch\\\/de\\\/leistungen-grundversicherung\\\/betreuung-nach-gebur\\\/#primaryimage\",\"url\":\"https:\\\/\\\/sage-femme-fribourg.ch\\\/wp-content\\\/uploads\\\/2022\\\/12\\\/Jeanne-G.-scaled.jpg\",\"contentUrl\":\"https:\\\/\\\/sage-femme-fribourg.ch\\\/wp-content\\\/uploads\\\/2022\\\/12\\\/Jeanne-G.-scaled.jpg\"},{\"@type\":\"BreadcrumbList\",\"@id\":\"https:\\\/\\\/sage-femme-fribourg.ch\\\/de\\\/leistungen-grundversicherung\\\/betreuung-nach-gebur\\\/#breadcrumb\",\"itemListElement\":[{\"@type\":\"ListItem\",\"position\":1,\"name\":\"Home\",\"item\":\"https:\\\/\\\/sage-femme-fribourg.ch\\\/de\\\/\"},{\"@type\":\"ListItem\",\"position\":2,\"name\":\"Leistungen der Grundversicherung\",\"item\":\"https:\\\/\\\/sage-femme-fribourg.ch\\\/de\\\/leistungen-grundversicherung\\\/\"},{\"@type\":\"ListItem\",\"position\":3,\"name\":\"Betreuung nach der Geburt\"}]},{\"@type\":\"WebSite\",\"@id\":\"https:\\\/\\\/sage-femme-fribourg.ch\\\/#website\",\"url\":\"https:\\\/\\\/sage-femme-fribourg.ch\\\/\",\"name\":\"Sage-femme\",\"description\":\"Un site utilisant WordPress\",\"potentialAction\":[{\"@type\":\"SearchAction\",\"target\":{\"@type\":\"EntryPoint\",\"urlTemplate\":\"https:\\\/\\\/sage-femme-fribourg.ch\\\/?s={search_term_string}\"},\"query-input\":{\"@type\":\"PropertyValueSpecification\",\"valueRequired\":true,\"valueName\":\"search_term_string\"}}],\"inLanguage\":\"de\"}]}<\/script>\n<!-- \/ Yoast SEO plugin. -->","yoast_head_json":{"title":"Betreuung nach der Geburt - Sage-femme","robots":{"index":"index","follow":"follow","max-snippet":"max-snippet:-1","max-image-preview":"max-image-preview:large","max-video-preview":"max-video-preview:-1"},"canonical":"https:\/\/sage-femme-fribourg.ch\/de\/leistungen-grundversicherung\/betreuung-nach-gebur\/","og_locale":"de_DE","og_type":"article","og_title":"Betreuung nach der Geburt - Sage-femme","og_description":"Hebammen sind f\u00fcr die postpartale Betreuung von W\u00f6chnerinnen und deren Neugeborenen ausgebildet. Sie erkennen, behandeln und stabilisieren postpartale Komplikationen selbstst\u00e4ndig oder in Zusammenarbeit mit anderen Gesundheitsfachkr\u00e4ften. Eine postpartale Betreuung erfolgt \u00fcber mehrere Wochen oder sogar Monate. Hebammen begleiten Frauen bei der Entscheidung, wie sie ihr Neugeborenes ern\u00e4hren sollen: sei es mit Stillen oder mit k\u00fcnstlicher [&hellip;]","og_url":"https:\/\/sage-femme-fribourg.ch\/de\/leistungen-grundversicherung\/betreuung-nach-gebur\/","og_site_name":"Sage-femme","article_modified_time":"2022-12-12T20:03:38+00:00","og_image":[{"url":"https:\/\/sage-femme-fribourg.ch\/wp-content\/uploads\/2022\/12\/Jeanne-G.-scaled.jpg","type":"","width":"","height":""}],"twitter_card":"summary_large_image","twitter_misc":{"Gesch\u00e4tzte Lesezeit":"2\u00a0Minuten"},"schema":{"@context":"https:\/\/schema.org","@graph":[{"@type":"WebPage","@id":"https:\/\/sage-femme-fribourg.ch\/de\/leistungen-grundversicherung\/betreuung-nach-gebur\/","url":"https:\/\/sage-femme-fribourg.ch\/de\/leistungen-grundversicherung\/betreuung-nach-gebur\/","name":"Betreuung nach der Geburt - Sage-femme","isPartOf":{"@id":"https:\/\/sage-femme-fribourg.ch\/#website"},"primaryImageOfPage":{"@id":"https:\/\/sage-femme-fribourg.ch\/de\/leistungen-grundversicherung\/betreuung-nach-gebur\/#primaryimage"},"image":{"@id":"https:\/\/sage-femme-fribourg.ch\/de\/leistungen-grundversicherung\/betreuung-nach-gebur\/#primaryimage"},"thumbnailUrl":"https:\/\/sage-femme-fribourg.ch\/wp-content\/uploads\/2022\/12\/Jeanne-G.-scaled.jpg","datePublished":"2022-10-20T13:50:57+00:00","dateModified":"2022-12-12T20:03:38+00:00","breadcrumb":{"@id":"https:\/\/sage-femme-fribourg.ch\/de\/leistungen-grundversicherung\/betreuung-nach-gebur\/#breadcrumb"},"inLanguage":"de","potentialAction":[{"@type":"ReadAction","target":["https:\/\/sage-femme-fribourg.ch\/de\/leistungen-grundversicherung\/betreuung-nach-gebur\/"]}]},{"@type":"ImageObject","inLanguage":"de","@id":"https:\/\/sage-femme-fribourg.ch\/de\/leistungen-grundversicherung\/betreuung-nach-gebur\/#primaryimage","url":"https:\/\/sage-femme-fribourg.ch\/wp-content\/uploads\/2022\/12\/Jeanne-G.-scaled.jpg","contentUrl":"https:\/\/sage-femme-fribourg.ch\/wp-content\/uploads\/2022\/12\/Jeanne-G.-scaled.jpg"},{"@type":"BreadcrumbList","@id":"https:\/\/sage-femme-fribourg.ch\/de\/leistungen-grundversicherung\/betreuung-nach-gebur\/#breadcrumb","itemListElement":[{"@type":"ListItem","position":1,"name":"Home","item":"https:\/\/sage-femme-fribourg.ch\/de\/"},{"@type":"ListItem","position":2,"name":"Leistungen der Grundversicherung","item":"https:\/\/sage-femme-fribourg.ch\/de\/leistungen-grundversicherung\/"},{"@type":"ListItem","position":3,"name":"Betreuung nach der Geburt"}]},{"@type":"WebSite","@id":"https:\/\/sage-femme-fribourg.ch\/#website","url":"https:\/\/sage-femme-fribourg.ch\/","name":"Sage-femme","description":"Un site utilisant WordPress","potentialAction":[{"@type":"SearchAction","target":{"@type":"EntryPoint","urlTemplate":"https:\/\/sage-femme-fribourg.ch\/?s={search_term_string}"},"query-input":{"@type":"PropertyValueSpecification","valueRequired":true,"valueName":"search_term_string"}}],"inLanguage":"de"}]}},"meta_box":[],"_links":{"self":[{"href":"https:\/\/sage-femme-fribourg.ch\/de\/wp-json\/wp\/v2\/pages\/1151","targetHints":{"allow":["GET"]}}],"collection":[{"href":"https:\/\/sage-femme-fribourg.ch\/de\/wp-json\/wp\/v2\/pages"}],"about":[{"href":"https:\/\/sage-femme-fribourg.ch\/de\/wp-json\/wp\/v2\/types\/page"}],"author":[{"embeddable":true,"href":"https:\/\/sage-femme-fribourg.ch\/de\/wp-json\/wp\/v2\/users\/3"}],"replies":[{"embeddable":true,"href":"https:\/\/sage-femme-fribourg.ch\/de\/wp-json\/wp\/v2\/comments?post=1151"}],"version-history":[{"count":4,"href":"https:\/\/sage-femme-fribourg.ch\/de\/wp-json\/wp\/v2\/pages\/1151\/revisions"}],"predecessor-version":[{"id":1684,"href":"https:\/\/sage-femme-fribourg.ch\/de\/wp-json\/wp\/v2\/pages\/1151\/revisions\/1684"}],"up":[{"embeddable":true,"href":"https:\/\/sage-femme-fribourg.ch\/de\/wp-json\/wp\/v2\/pages\/1103"}],"wp:attachment":[{"href":"https:\/\/sage-femme-fribourg.ch\/de\/wp-json\/wp\/v2\/media?parent=1151"}],"curies":[{"name":"wp","href":"https:\/\/api.w.org\/{rel}","templated":true}]}}