{"id":1134,"date":"2022-10-20T15:48:54","date_gmt":"2022-10-20T13:48:54","guid":{"rendered":"https:\/\/sage-femme-fribourg.ch\/prestations-assurance-de-base\/surveillance-de-la-vitalite-foetale-et-ou-de-lactivite-uterine-par-ctg\/"},"modified":"2022-12-12T20:28:17","modified_gmt":"2022-12-12T19:28:17","slug":"ueberwachung-fetalen-vitalitaet-gebaermutteraktivitaet-durch-ctg","status":"publish","type":"page","link":"https:\/\/sage-femme-fribourg.ch\/de\/leistungen-grundversicherung\/ueberwachung-fetalen-vitalitaet-gebaermutteraktivitaet-durch-ctg\/","title":{"rendered":"\u00dcberwachung der fetalen Vitalit\u00e4t Geb\u00e4rmutteraktivit\u00e4t durch CTG"},"content":{"rendered":"\n<div class=\"wp-block-cover is-light\" style=\"min-height:550px;aspect-ratio:unset;\"><span aria-hidden=\"true\" class=\"wp-block-cover__background has-background-dim-0 has-background-dim\"><\/span><img loading=\"lazy\" decoding=\"async\" width=\"1920\" height=\"1280\" class=\"wp-block-cover__image-background wp-image-1605\" alt=\"\" src=\"https:\/\/sage-femme-fribourg.ch\/wp-content\/uploads\/2022\/12\/Hebamme-mit-Mutter-bei-CTG-in-Schwangerschaft.jpg\" style=\"object-position:54% 34%\" data-object-fit=\"cover\" data-object-position=\"54% 34%\" srcset=\"https:\/\/sage-femme-fribourg.ch\/wp-content\/uploads\/2022\/12\/Hebamme-mit-Mutter-bei-CTG-in-Schwangerschaft.jpg 1920w, https:\/\/sage-femme-fribourg.ch\/wp-content\/uploads\/2022\/12\/Hebamme-mit-Mutter-bei-CTG-in-Schwangerschaft-300x200.jpg 300w, https:\/\/sage-femme-fribourg.ch\/wp-content\/uploads\/2022\/12\/Hebamme-mit-Mutter-bei-CTG-in-Schwangerschaft-1024x683.jpg 1024w, https:\/\/sage-femme-fribourg.ch\/wp-content\/uploads\/2022\/12\/Hebamme-mit-Mutter-bei-CTG-in-Schwangerschaft-768x512.jpg 768w, https:\/\/sage-femme-fribourg.ch\/wp-content\/uploads\/2022\/12\/Hebamme-mit-Mutter-bei-CTG-in-Schwangerschaft-1536x1024.jpg 1536w\" sizes=\"auto, (max-width: 1920px) 100vw, 1920px\" \/><div class=\"wp-block-cover__inner-container is-layout-flow wp-block-cover-is-layout-flow\">\n<p class=\"has-text-align-center has-large-font-size\"><\/p>\n<\/div><\/div>\n\n\n\n<div style=\"height:50px\" aria-hidden=\"true\" class=\"wp-block-spacer\"><\/div>\n\n\n\n<div class=\"wp-block-columns is-layout-flex wp-container-core-columns-is-layout-9d6595d7 wp-block-columns-is-layout-flex\">\n<div class=\"wp-block-column is-layout-flow wp-block-column-is-layout-flow\">\n<p>Bei einer Risikoschwangerschaft ist es \u00fcblich, die Vitalit\u00e4t des Babys durch eine Untersuchung zu \u00fcberpr\u00fcfen, die als Cardiotokogramm (CTG) bezeichnet wird.<\/p>\n<\/div>\n\n\n\n<div class=\"wp-block-column is-layout-flow wp-block-column-is-layout-flow\">\n<p>Einige freiberufliche Hebammen besitzen das Ger\u00e4t daf\u00fcr: Wenn Sie eine Hebamme f\u00fcr diese Untersuchung suchen, m\u00fcssen Sie den Punkt &#8222;CTG-\u00dcberwachung&#8220; ankreuzen.<\/p>\n<\/div>\n<\/div>\n","protected":false},"excerpt":{"rendered":"<p>Bei einer Risikoschwangerschaft ist es \u00fcblich, die Vitalit\u00e4t des Babys durch eine Untersuchung zu \u00fcberpr\u00fcfen, die als Cardiotokogramm (CTG) bezeichnet wird. Einige freiberufliche Hebammen besitzen das Ger\u00e4t daf\u00fcr: Wenn Sie eine Hebamme f\u00fcr diese Untersuchung suchen, m\u00fcssen Sie den Punkt &#8222;CTG-\u00dcberwachung&#8220; ankreuzen.<\/p>\n","protected":false},"author":3,"featured_media":0,"parent":1103,"menu_order":0,"comment_status":"closed","ping_status":"closed","template":"","meta":{"_editorskit_title_hidden":false,"_editorskit_reading_time":1,"_editorskit_is_block_options_detached":false,"_editorskit_block_options_position":"{}","footnotes":""},"class_list":["post-1134","page","type-page","status-publish","hentry"],"yoast_head":"<!-- This site is optimized with the Yoast SEO plugin v27.5 - https:\/\/yoast.com\/product\/yoast-seo-wordpress\/ -->\n<title>\u00dcberwachung der fetalen Vitalit\u00e4t Geb\u00e4rmutteraktivit\u00e4t durch CTG - Sage-femme<\/title>\n<meta name=\"robots\" content=\"index, follow, max-snippet:-1, max-image-preview:large, max-video-preview:-1\" \/>\n<link rel=\"canonical\" href=\"https:\/\/sage-femme-fribourg.ch\/de\/leistungen-grundversicherung\/ueberwachung-fetalen-vitalitaet-gebaermutteraktivitaet-durch-ctg\/\" \/>\n<meta property=\"og:locale\" content=\"de_DE\" \/>\n<meta property=\"og:type\" content=\"article\" \/>\n<meta property=\"og:title\" content=\"\u00dcberwachung der fetalen Vitalit\u00e4t Geb\u00e4rmutteraktivit\u00e4t durch CTG - Sage-femme\" \/>\n<meta property=\"og:description\" content=\"Bei einer Risikoschwangerschaft ist es \u00fcblich, die Vitalit\u00e4t des Babys durch eine Untersuchung zu \u00fcberpr\u00fcfen, die als Cardiotokogramm (CTG) bezeichnet wird. Einige freiberufliche Hebammen besitzen das Ger\u00e4t daf\u00fcr: Wenn Sie eine Hebamme f\u00fcr diese Untersuchung suchen, m\u00fcssen Sie den Punkt &#8222;CTG-\u00dcberwachung&#8220; ankreuzen.\" \/>\n<meta property=\"og:url\" content=\"https:\/\/sage-femme-fribourg.ch\/de\/leistungen-grundversicherung\/ueberwachung-fetalen-vitalitaet-gebaermutteraktivitaet-durch-ctg\/\" \/>\n<meta property=\"og:site_name\" content=\"Sage-femme\" \/>\n<meta property=\"article:modified_time\" content=\"2022-12-12T19:28:17+00:00\" \/>\n<meta property=\"og:image\" content=\"https:\/\/sage-femme-fribourg.ch\/wp-content\/uploads\/2022\/12\/Hebamme-mit-Mutter-bei-CTG-in-Schwangerschaft.jpg\" \/>\n<meta name=\"twitter:card\" content=\"summary_large_image\" \/>\n<meta name=\"twitter:label1\" content=\"Gesch\u00e4tzte Lesezeit\" \/>\n\t<meta name=\"twitter:data1\" content=\"1\u00a0Minute\" \/>\n<script type=\"application\/ld+json\" class=\"yoast-schema-graph\">{\"@context\":\"https:\\\/\\\/schema.org\",\"@graph\":[{\"@type\":\"WebPage\",\"@id\":\"https:\\\/\\\/sage-femme-fribourg.ch\\\/de\\\/leistungen-grundversicherung\\\/ueberwachung-fetalen-vitalitaet-gebaermutteraktivitaet-durch-ctg\\\/\",\"url\":\"https:\\\/\\\/sage-femme-fribourg.ch\\\/de\\\/leistungen-grundversicherung\\\/ueberwachung-fetalen-vitalitaet-gebaermutteraktivitaet-durch-ctg\\\/\",\"name\":\"\u00dcberwachung der fetalen Vitalit\u00e4t Geb\u00e4rmutteraktivit\u00e4t durch CTG - Sage-femme\",\"isPartOf\":{\"@id\":\"https:\\\/\\\/sage-femme-fribourg.ch\\\/#website\"},\"primaryImageOfPage\":{\"@id\":\"https:\\\/\\\/sage-femme-fribourg.ch\\\/de\\\/leistungen-grundversicherung\\\/ueberwachung-fetalen-vitalitaet-gebaermutteraktivitaet-durch-ctg\\\/#primaryimage\"},\"image\":{\"@id\":\"https:\\\/\\\/sage-femme-fribourg.ch\\\/de\\\/leistungen-grundversicherung\\\/ueberwachung-fetalen-vitalitaet-gebaermutteraktivitaet-durch-ctg\\\/#primaryimage\"},\"thumbnailUrl\":\"https:\\\/\\\/sage-femme-fribourg.ch\\\/wp-content\\\/uploads\\\/2022\\\/12\\\/Hebamme-mit-Mutter-bei-CTG-in-Schwangerschaft.jpg\",\"datePublished\":\"2022-10-20T13:48:54+00:00\",\"dateModified\":\"2022-12-12T19:28:17+00:00\",\"breadcrumb\":{\"@id\":\"https:\\\/\\\/sage-femme-fribourg.ch\\\/de\\\/leistungen-grundversicherung\\\/ueberwachung-fetalen-vitalitaet-gebaermutteraktivitaet-durch-ctg\\\/#breadcrumb\"},\"inLanguage\":\"de\",\"potentialAction\":[{\"@type\":\"ReadAction\",\"target\":[\"https:\\\/\\\/sage-femme-fribourg.ch\\\/de\\\/leistungen-grundversicherung\\\/ueberwachung-fetalen-vitalitaet-gebaermutteraktivitaet-durch-ctg\\\/\"]}]},{\"@type\":\"ImageObject\",\"inLanguage\":\"de\",\"@id\":\"https:\\\/\\\/sage-femme-fribourg.ch\\\/de\\\/leistungen-grundversicherung\\\/ueberwachung-fetalen-vitalitaet-gebaermutteraktivitaet-durch-ctg\\\/#primaryimage\",\"url\":\"https:\\\/\\\/sage-femme-fribourg.ch\\\/wp-content\\\/uploads\\\/2022\\\/12\\\/Hebamme-mit-Mutter-bei-CTG-in-Schwangerschaft.jpg\",\"contentUrl\":\"https:\\\/\\\/sage-femme-fribourg.ch\\\/wp-content\\\/uploads\\\/2022\\\/12\\\/Hebamme-mit-Mutter-bei-CTG-in-Schwangerschaft.jpg\"},{\"@type\":\"BreadcrumbList\",\"@id\":\"https:\\\/\\\/sage-femme-fribourg.ch\\\/de\\\/leistungen-grundversicherung\\\/ueberwachung-fetalen-vitalitaet-gebaermutteraktivitaet-durch-ctg\\\/#breadcrumb\",\"itemListElement\":[{\"@type\":\"ListItem\",\"position\":1,\"name\":\"Home\",\"item\":\"https:\\\/\\\/sage-femme-fribourg.ch\\\/de\\\/\"},{\"@type\":\"ListItem\",\"position\":2,\"name\":\"Leistungen der Grundversicherung\",\"item\":\"https:\\\/\\\/sage-femme-fribourg.ch\\\/de\\\/leistungen-grundversicherung\\\/\"},{\"@type\":\"ListItem\",\"position\":3,\"name\":\"\u00dcberwachung der fetalen Vitalit\u00e4t Geb\u00e4rmutteraktivit\u00e4t durch CTG\"}]},{\"@type\":\"WebSite\",\"@id\":\"https:\\\/\\\/sage-femme-fribourg.ch\\\/#website\",\"url\":\"https:\\\/\\\/sage-femme-fribourg.ch\\\/\",\"name\":\"Sage-femme\",\"description\":\"Un site utilisant WordPress\",\"potentialAction\":[{\"@type\":\"SearchAction\",\"target\":{\"@type\":\"EntryPoint\",\"urlTemplate\":\"https:\\\/\\\/sage-femme-fribourg.ch\\\/?s={search_term_string}\"},\"query-input\":{\"@type\":\"PropertyValueSpecification\",\"valueRequired\":true,\"valueName\":\"search_term_string\"}}],\"inLanguage\":\"de\"}]}<\/script>\n<!-- \/ Yoast SEO plugin. -->","yoast_head_json":{"title":"\u00dcberwachung der fetalen Vitalit\u00e4t Geb\u00e4rmutteraktivit\u00e4t durch CTG - Sage-femme","robots":{"index":"index","follow":"follow","max-snippet":"max-snippet:-1","max-image-preview":"max-image-preview:large","max-video-preview":"max-video-preview:-1"},"canonical":"https:\/\/sage-femme-fribourg.ch\/de\/leistungen-grundversicherung\/ueberwachung-fetalen-vitalitaet-gebaermutteraktivitaet-durch-ctg\/","og_locale":"de_DE","og_type":"article","og_title":"\u00dcberwachung der fetalen Vitalit\u00e4t Geb\u00e4rmutteraktivit\u00e4t durch CTG - Sage-femme","og_description":"Bei einer Risikoschwangerschaft ist es \u00fcblich, die Vitalit\u00e4t des Babys durch eine Untersuchung zu \u00fcberpr\u00fcfen, die als Cardiotokogramm (CTG) bezeichnet wird. Einige freiberufliche Hebammen besitzen das Ger\u00e4t daf\u00fcr: Wenn Sie eine Hebamme f\u00fcr diese Untersuchung suchen, m\u00fcssen Sie den Punkt &#8222;CTG-\u00dcberwachung&#8220; ankreuzen.","og_url":"https:\/\/sage-femme-fribourg.ch\/de\/leistungen-grundversicherung\/ueberwachung-fetalen-vitalitaet-gebaermutteraktivitaet-durch-ctg\/","og_site_name":"Sage-femme","article_modified_time":"2022-12-12T19:28:17+00:00","og_image":[{"url":"https:\/\/sage-femme-fribourg.ch\/wp-content\/uploads\/2022\/12\/Hebamme-mit-Mutter-bei-CTG-in-Schwangerschaft.jpg","type":"","width":"","height":""}],"twitter_card":"summary_large_image","twitter_misc":{"Gesch\u00e4tzte Lesezeit":"1\u00a0Minute"},"schema":{"@context":"https:\/\/schema.org","@graph":[{"@type":"WebPage","@id":"https:\/\/sage-femme-fribourg.ch\/de\/leistungen-grundversicherung\/ueberwachung-fetalen-vitalitaet-gebaermutteraktivitaet-durch-ctg\/","url":"https:\/\/sage-femme-fribourg.ch\/de\/leistungen-grundversicherung\/ueberwachung-fetalen-vitalitaet-gebaermutteraktivitaet-durch-ctg\/","name":"\u00dcberwachung der fetalen Vitalit\u00e4t Geb\u00e4rmutteraktivit\u00e4t durch CTG - Sage-femme","isPartOf":{"@id":"https:\/\/sage-femme-fribourg.ch\/#website"},"primaryImageOfPage":{"@id":"https:\/\/sage-femme-fribourg.ch\/de\/leistungen-grundversicherung\/ueberwachung-fetalen-vitalitaet-gebaermutteraktivitaet-durch-ctg\/#primaryimage"},"image":{"@id":"https:\/\/sage-femme-fribourg.ch\/de\/leistungen-grundversicherung\/ueberwachung-fetalen-vitalitaet-gebaermutteraktivitaet-durch-ctg\/#primaryimage"},"thumbnailUrl":"https:\/\/sage-femme-fribourg.ch\/wp-content\/uploads\/2022\/12\/Hebamme-mit-Mutter-bei-CTG-in-Schwangerschaft.jpg","datePublished":"2022-10-20T13:48:54+00:00","dateModified":"2022-12-12T19:28:17+00:00","breadcrumb":{"@id":"https:\/\/sage-femme-fribourg.ch\/de\/leistungen-grundversicherung\/ueberwachung-fetalen-vitalitaet-gebaermutteraktivitaet-durch-ctg\/#breadcrumb"},"inLanguage":"de","potentialAction":[{"@type":"ReadAction","target":["https:\/\/sage-femme-fribourg.ch\/de\/leistungen-grundversicherung\/ueberwachung-fetalen-vitalitaet-gebaermutteraktivitaet-durch-ctg\/"]}]},{"@type":"ImageObject","inLanguage":"de","@id":"https:\/\/sage-femme-fribourg.ch\/de\/leistungen-grundversicherung\/ueberwachung-fetalen-vitalitaet-gebaermutteraktivitaet-durch-ctg\/#primaryimage","url":"https:\/\/sage-femme-fribourg.ch\/wp-content\/uploads\/2022\/12\/Hebamme-mit-Mutter-bei-CTG-in-Schwangerschaft.jpg","contentUrl":"https:\/\/sage-femme-fribourg.ch\/wp-content\/uploads\/2022\/12\/Hebamme-mit-Mutter-bei-CTG-in-Schwangerschaft.jpg"},{"@type":"BreadcrumbList","@id":"https:\/\/sage-femme-fribourg.ch\/de\/leistungen-grundversicherung\/ueberwachung-fetalen-vitalitaet-gebaermutteraktivitaet-durch-ctg\/#breadcrumb","itemListElement":[{"@type":"ListItem","position":1,"name":"Home","item":"https:\/\/sage-femme-fribourg.ch\/de\/"},{"@type":"ListItem","position":2,"name":"Leistungen der Grundversicherung","item":"https:\/\/sage-femme-fribourg.ch\/de\/leistungen-grundversicherung\/"},{"@type":"ListItem","position":3,"name":"\u00dcberwachung der fetalen Vitalit\u00e4t Geb\u00e4rmutteraktivit\u00e4t durch CTG"}]},{"@type":"WebSite","@id":"https:\/\/sage-femme-fribourg.ch\/#website","url":"https:\/\/sage-femme-fribourg.ch\/","name":"Sage-femme","description":"Un site utilisant WordPress","potentialAction":[{"@type":"SearchAction","target":{"@type":"EntryPoint","urlTemplate":"https:\/\/sage-femme-fribourg.ch\/?s={search_term_string}"},"query-input":{"@type":"PropertyValueSpecification","valueRequired":true,"valueName":"search_term_string"}}],"inLanguage":"de"}]}},"meta_box":[],"_links":{"self":[{"href":"https:\/\/sage-femme-fribourg.ch\/de\/wp-json\/wp\/v2\/pages\/1134","targetHints":{"allow":["GET"]}}],"collection":[{"href":"https:\/\/sage-femme-fribourg.ch\/de\/wp-json\/wp\/v2\/pages"}],"about":[{"href":"https:\/\/sage-femme-fribourg.ch\/de\/wp-json\/wp\/v2\/types\/page"}],"author":[{"embeddable":true,"href":"https:\/\/sage-femme-fribourg.ch\/de\/wp-json\/wp\/v2\/users\/3"}],"replies":[{"embeddable":true,"href":"https:\/\/sage-femme-fribourg.ch\/de\/wp-json\/wp\/v2\/comments?post=1134"}],"version-history":[{"count":4,"href":"https:\/\/sage-femme-fribourg.ch\/de\/wp-json\/wp\/v2\/pages\/1134\/revisions"}],"predecessor-version":[{"id":1639,"href":"https:\/\/sage-femme-fribourg.ch\/de\/wp-json\/wp\/v2\/pages\/1134\/revisions\/1639"}],"up":[{"embeddable":true,"href":"https:\/\/sage-femme-fribourg.ch\/de\/wp-json\/wp\/v2\/pages\/1103"}],"wp:attachment":[{"href":"https:\/\/sage-femme-fribourg.ch\/de\/wp-json\/wp\/v2\/media?parent=1134"}],"curies":[{"name":"wp","href":"https:\/\/api.w.org\/{rel}","templated":true}]}}