{"id":1132,"date":"2022-10-20T15:48:25","date_gmt":"2022-10-20T13:48:25","guid":{"rendered":"https:\/\/sage-femme-fribourg.ch\/prestations-assurance-de-base\/controle-de-grossesse-pathologique-sur-ordonnance-medicale\/"},"modified":"2022-12-07T12:04:10","modified_gmt":"2022-12-07T11:04:10","slug":"kontrolle-pathologischen-schwangerschaft-aerztliche-verordnung","status":"publish","type":"page","link":"https:\/\/sage-femme-fribourg.ch\/de\/leistungen-grundversicherung\/kontrolle-pathologischen-schwangerschaft-aerztliche-verordnung\/","title":{"rendered":"Kontrolle einer pathologischen Schwangerschaft auf \u00e4rztliche Verordnung"},"content":{"rendered":"\n\n\n<div style=\"height:50px\" aria-hidden=\"true\" class=\"wp-block-spacer\"><\/div>\n\n\n\n<div class=\"wp-block-columns is-layout-flex wp-container-core-columns-is-layout-9d6595d7 wp-block-columns-is-layout-flex\">\n<div class=\"wp-block-column is-layout-flow wp-block-column-is-layout-flow\">\n<h3 class=\"wp-block-heading\"><strong>Schwangerschaftsbetreuung, die von Anfang an von einer Hebamme durchgef\u00fchrt wird<\/strong><\/h3>\n\n\n\n<p>Wenn Sie Ihre Schwangerschaftsbetreuung bei einer Hebamme durchf\u00fchren (siehe Physiologische Schwangerschaftskontrolle &#8211; Link setzen) und sich ein gesundheitliches Problem entwickelt, wird Ihre Schwangerschaft nun als &#8222;pathologisch&#8220; bezeichnet. <\/p>\n\n\n\n<p>In diesem Fall kann die Hebamme Sie weiter betreuen, allerdings <strong>in Zusammenarbeit mit einer Gyn\u00e4kologin oder einem Gyn\u00e4kologen<\/strong>. Hierf\u00fcr ben\u00f6tigt sie <strong>eine \u00e4rztliche Verordnun<\/strong>g.<\/p>\n<\/div>\n\n\n\n<div class=\"wp-block-column is-layout-flow wp-block-column-is-layout-flow\">\n<h3 class=\"wp-block-heading\"><strong>Schwangerschaftsbetreuung durch eine Gyn\u00e4kologin oder einen Gyn\u00e4kologen<\/strong><\/h3>\n\n\n\n<p>Wenn Sie Ihre Schwangerschaftsbetreuung bei einer Gyn\u00e4kologin oder einem Gyn\u00e4kologen durchf\u00fchren und Ihre Schwangerschaft ein Problem aufweist und &#8222;pathologisch&#8220; wird, schl\u00e4gt der Gyn\u00e4kologe Ihnen m\u00f6glicherweise eine gemeinsame Betreuung mit einer Hebamme vor.<\/p>\n\n\n\n<p>Er k\u00f6nnte z. B. verordnen, dass die Hebamme regelm\u00e4ssig zu Ihnen nach Hause kommt, um den Herzschlag Ihres Babys zu kontrollieren, um sicherzustellen, dass Ihr Blutdruck stabil bleibt oder dass Sie keine Komplikationen aufgrund einer Krankheit entwickeln, mit der Sie w\u00e4hrend der Schwangerschaft in Kontakt gekommen sind (Covid oder andere), usw.<\/p>\n\n\n\n<p>Damit die Hebamme diese Kontrollen durchf\u00fchren kann, muss der Gyn\u00e4kologe <strong>ein Rezept<\/strong> ausstellen, in dem er die gew\u00fcnschte Untersuchung festlegt.<\/p>\n<\/div>\n<\/div>\n","protected":false},"excerpt":{"rendered":"<p>Schwangerschaftsbetreuung, die von Anfang an von einer Hebamme durchgef\u00fchrt wird Wenn Sie Ihre Schwangerschaftsbetreuung bei einer Hebamme durchf\u00fchren (siehe Physiologische Schwangerschaftskontrolle &#8211; Link setzen) und sich ein gesundheitliches Problem entwickelt, wird Ihre Schwangerschaft nun als &#8222;pathologisch&#8220; bezeichnet. In diesem Fall kann die Hebamme Sie weiter betreuen, allerdings in Zusammenarbeit mit einer Gyn\u00e4kologin oder einem Gyn\u00e4kologen. [&hellip;]<\/p>\n","protected":false},"author":3,"featured_media":0,"parent":1103,"menu_order":0,"comment_status":"closed","ping_status":"closed","template":"","meta":{"_editorskit_title_hidden":false,"_editorskit_reading_time":1,"_editorskit_is_block_options_detached":false,"_editorskit_block_options_position":"{}","footnotes":""},"class_list":["post-1132","page","type-page","status-publish","hentry"],"yoast_head":"<!-- This site is optimized with the Yoast SEO plugin v27.6 - https:\/\/yoast.com\/product\/yoast-seo-wordpress\/ -->\n<title>Kontrolle einer pathologischen Schwangerschaft auf \u00e4rztliche Verordnung - Sage-femme<\/title>\n<meta name=\"robots\" content=\"index, follow, max-snippet:-1, max-image-preview:large, max-video-preview:-1\" \/>\n<link rel=\"canonical\" href=\"https:\/\/sage-femme-fribourg.ch\/de\/leistungen-grundversicherung\/kontrolle-pathologischen-schwangerschaft-aerztliche-verordnung\/\" \/>\n<meta property=\"og:locale\" content=\"de_DE\" \/>\n<meta property=\"og:type\" content=\"article\" \/>\n<meta property=\"og:title\" content=\"Kontrolle einer pathologischen Schwangerschaft auf \u00e4rztliche Verordnung - Sage-femme\" \/>\n<meta property=\"og:description\" content=\"Schwangerschaftsbetreuung, die von Anfang an von einer Hebamme durchgef\u00fchrt wird Wenn Sie Ihre Schwangerschaftsbetreuung bei einer Hebamme durchf\u00fchren (siehe Physiologische Schwangerschaftskontrolle &#8211; Link setzen) und sich ein gesundheitliches Problem entwickelt, wird Ihre Schwangerschaft nun als &#8222;pathologisch&#8220; bezeichnet. In diesem Fall kann die Hebamme Sie weiter betreuen, allerdings in Zusammenarbeit mit einer Gyn\u00e4kologin oder einem Gyn\u00e4kologen. [&hellip;]\" \/>\n<meta property=\"og:url\" content=\"https:\/\/sage-femme-fribourg.ch\/de\/leistungen-grundversicherung\/kontrolle-pathologischen-schwangerschaft-aerztliche-verordnung\/\" \/>\n<meta property=\"og:site_name\" content=\"Sage-femme\" \/>\n<meta property=\"article:modified_time\" content=\"2022-12-07T11:04:10+00:00\" \/>\n<meta property=\"og:image\" content=\"https:\/\/sage-femme-fribourg.ch\/wp-content\/uploads\/2022\/11\/midwife-giving-prenatal-care-pregnant-mother.jpg\" \/>\n<meta name=\"twitter:card\" content=\"summary_large_image\" \/>\n<meta name=\"twitter:label1\" content=\"Gesch\u00e4tzte Lesezeit\" \/>\n\t<meta name=\"twitter:data1\" content=\"2\u00a0Minuten\" \/>\n<script type=\"application\/ld+json\" class=\"yoast-schema-graph\">{\"@context\":\"https:\\\/\\\/schema.org\",\"@graph\":[{\"@type\":\"WebPage\",\"@id\":\"https:\\\/\\\/sage-femme-fribourg.ch\\\/de\\\/leistungen-grundversicherung\\\/kontrolle-pathologischen-schwangerschaft-aerztliche-verordnung\\\/\",\"url\":\"https:\\\/\\\/sage-femme-fribourg.ch\\\/de\\\/leistungen-grundversicherung\\\/kontrolle-pathologischen-schwangerschaft-aerztliche-verordnung\\\/\",\"name\":\"Kontrolle einer pathologischen Schwangerschaft auf \u00e4rztliche Verordnung - Sage-femme\",\"isPartOf\":{\"@id\":\"https:\\\/\\\/sage-femme-fribourg.ch\\\/#website\"},\"primaryImageOfPage\":{\"@id\":\"https:\\\/\\\/sage-femme-fribourg.ch\\\/de\\\/leistungen-grundversicherung\\\/kontrolle-pathologischen-schwangerschaft-aerztliche-verordnung\\\/#primaryimage\"},\"image\":{\"@id\":\"https:\\\/\\\/sage-femme-fribourg.ch\\\/de\\\/leistungen-grundversicherung\\\/kontrolle-pathologischen-schwangerschaft-aerztliche-verordnung\\\/#primaryimage\"},\"thumbnailUrl\":\"https:\\\/\\\/sage-femme-fribourg.ch\\\/wp-content\\\/uploads\\\/2022\\\/11\\\/midwife-giving-prenatal-care-pregnant-mother.jpg\",\"datePublished\":\"2022-10-20T13:48:25+00:00\",\"dateModified\":\"2022-12-07T11:04:10+00:00\",\"breadcrumb\":{\"@id\":\"https:\\\/\\\/sage-femme-fribourg.ch\\\/de\\\/leistungen-grundversicherung\\\/kontrolle-pathologischen-schwangerschaft-aerztliche-verordnung\\\/#breadcrumb\"},\"inLanguage\":\"de\",\"potentialAction\":[{\"@type\":\"ReadAction\",\"target\":[\"https:\\\/\\\/sage-femme-fribourg.ch\\\/de\\\/leistungen-grundversicherung\\\/kontrolle-pathologischen-schwangerschaft-aerztliche-verordnung\\\/\"]}]},{\"@type\":\"ImageObject\",\"inLanguage\":\"de\",\"@id\":\"https:\\\/\\\/sage-femme-fribourg.ch\\\/de\\\/leistungen-grundversicherung\\\/kontrolle-pathologischen-schwangerschaft-aerztliche-verordnung\\\/#primaryimage\",\"url\":\"https:\\\/\\\/sage-femme-fribourg.ch\\\/wp-content\\\/uploads\\\/2022\\\/11\\\/midwife-giving-prenatal-care-pregnant-mother.jpg\",\"contentUrl\":\"https:\\\/\\\/sage-femme-fribourg.ch\\\/wp-content\\\/uploads\\\/2022\\\/11\\\/midwife-giving-prenatal-care-pregnant-mother.jpg\"},{\"@type\":\"BreadcrumbList\",\"@id\":\"https:\\\/\\\/sage-femme-fribourg.ch\\\/de\\\/leistungen-grundversicherung\\\/kontrolle-pathologischen-schwangerschaft-aerztliche-verordnung\\\/#breadcrumb\",\"itemListElement\":[{\"@type\":\"ListItem\",\"position\":1,\"name\":\"Home\",\"item\":\"https:\\\/\\\/sage-femme-fribourg.ch\\\/de\\\/\"},{\"@type\":\"ListItem\",\"position\":2,\"name\":\"Leistungen der Grundversicherung\",\"item\":\"https:\\\/\\\/sage-femme-fribourg.ch\\\/de\\\/leistungen-grundversicherung\\\/\"},{\"@type\":\"ListItem\",\"position\":3,\"name\":\"Kontrolle einer pathologischen Schwangerschaft auf \u00e4rztliche Verordnung\"}]},{\"@type\":\"WebSite\",\"@id\":\"https:\\\/\\\/sage-femme-fribourg.ch\\\/#website\",\"url\":\"https:\\\/\\\/sage-femme-fribourg.ch\\\/\",\"name\":\"Sage-femme\",\"description\":\"Un site utilisant WordPress\",\"potentialAction\":[{\"@type\":\"SearchAction\",\"target\":{\"@type\":\"EntryPoint\",\"urlTemplate\":\"https:\\\/\\\/sage-femme-fribourg.ch\\\/?s={search_term_string}\"},\"query-input\":{\"@type\":\"PropertyValueSpecification\",\"valueRequired\":true,\"valueName\":\"search_term_string\"}}],\"inLanguage\":\"de\"}]}<\/script>\n<!-- \/ Yoast SEO plugin. -->","yoast_head_json":{"title":"Kontrolle einer pathologischen Schwangerschaft auf \u00e4rztliche Verordnung - Sage-femme","robots":{"index":"index","follow":"follow","max-snippet":"max-snippet:-1","max-image-preview":"max-image-preview:large","max-video-preview":"max-video-preview:-1"},"canonical":"https:\/\/sage-femme-fribourg.ch\/de\/leistungen-grundversicherung\/kontrolle-pathologischen-schwangerschaft-aerztliche-verordnung\/","og_locale":"de_DE","og_type":"article","og_title":"Kontrolle einer pathologischen Schwangerschaft auf \u00e4rztliche Verordnung - Sage-femme","og_description":"Schwangerschaftsbetreuung, die von Anfang an von einer Hebamme durchgef\u00fchrt wird Wenn Sie Ihre Schwangerschaftsbetreuung bei einer Hebamme durchf\u00fchren (siehe Physiologische Schwangerschaftskontrolle &#8211; Link setzen) und sich ein gesundheitliches Problem entwickelt, wird Ihre Schwangerschaft nun als &#8222;pathologisch&#8220; bezeichnet. In diesem Fall kann die Hebamme Sie weiter betreuen, allerdings in Zusammenarbeit mit einer Gyn\u00e4kologin oder einem Gyn\u00e4kologen. [&hellip;]","og_url":"https:\/\/sage-femme-fribourg.ch\/de\/leistungen-grundversicherung\/kontrolle-pathologischen-schwangerschaft-aerztliche-verordnung\/","og_site_name":"Sage-femme","article_modified_time":"2022-12-07T11:04:10+00:00","og_image":[{"url":"https:\/\/sage-femme-fribourg.ch\/wp-content\/uploads\/2022\/11\/midwife-giving-prenatal-care-pregnant-mother.jpg","type":"","width":"","height":""}],"twitter_card":"summary_large_image","twitter_misc":{"Gesch\u00e4tzte Lesezeit":"2\u00a0Minuten"},"schema":{"@context":"https:\/\/schema.org","@graph":[{"@type":"WebPage","@id":"https:\/\/sage-femme-fribourg.ch\/de\/leistungen-grundversicherung\/kontrolle-pathologischen-schwangerschaft-aerztliche-verordnung\/","url":"https:\/\/sage-femme-fribourg.ch\/de\/leistungen-grundversicherung\/kontrolle-pathologischen-schwangerschaft-aerztliche-verordnung\/","name":"Kontrolle einer pathologischen Schwangerschaft auf \u00e4rztliche Verordnung - Sage-femme","isPartOf":{"@id":"https:\/\/sage-femme-fribourg.ch\/#website"},"primaryImageOfPage":{"@id":"https:\/\/sage-femme-fribourg.ch\/de\/leistungen-grundversicherung\/kontrolle-pathologischen-schwangerschaft-aerztliche-verordnung\/#primaryimage"},"image":{"@id":"https:\/\/sage-femme-fribourg.ch\/de\/leistungen-grundversicherung\/kontrolle-pathologischen-schwangerschaft-aerztliche-verordnung\/#primaryimage"},"thumbnailUrl":"https:\/\/sage-femme-fribourg.ch\/wp-content\/uploads\/2022\/11\/midwife-giving-prenatal-care-pregnant-mother.jpg","datePublished":"2022-10-20T13:48:25+00:00","dateModified":"2022-12-07T11:04:10+00:00","breadcrumb":{"@id":"https:\/\/sage-femme-fribourg.ch\/de\/leistungen-grundversicherung\/kontrolle-pathologischen-schwangerschaft-aerztliche-verordnung\/#breadcrumb"},"inLanguage":"de","potentialAction":[{"@type":"ReadAction","target":["https:\/\/sage-femme-fribourg.ch\/de\/leistungen-grundversicherung\/kontrolle-pathologischen-schwangerschaft-aerztliche-verordnung\/"]}]},{"@type":"ImageObject","inLanguage":"de","@id":"https:\/\/sage-femme-fribourg.ch\/de\/leistungen-grundversicherung\/kontrolle-pathologischen-schwangerschaft-aerztliche-verordnung\/#primaryimage","url":"https:\/\/sage-femme-fribourg.ch\/wp-content\/uploads\/2022\/11\/midwife-giving-prenatal-care-pregnant-mother.jpg","contentUrl":"https:\/\/sage-femme-fribourg.ch\/wp-content\/uploads\/2022\/11\/midwife-giving-prenatal-care-pregnant-mother.jpg"},{"@type":"BreadcrumbList","@id":"https:\/\/sage-femme-fribourg.ch\/de\/leistungen-grundversicherung\/kontrolle-pathologischen-schwangerschaft-aerztliche-verordnung\/#breadcrumb","itemListElement":[{"@type":"ListItem","position":1,"name":"Home","item":"https:\/\/sage-femme-fribourg.ch\/de\/"},{"@type":"ListItem","position":2,"name":"Leistungen der Grundversicherung","item":"https:\/\/sage-femme-fribourg.ch\/de\/leistungen-grundversicherung\/"},{"@type":"ListItem","position":3,"name":"Kontrolle einer pathologischen Schwangerschaft auf \u00e4rztliche Verordnung"}]},{"@type":"WebSite","@id":"https:\/\/sage-femme-fribourg.ch\/#website","url":"https:\/\/sage-femme-fribourg.ch\/","name":"Sage-femme","description":"Un site utilisant WordPress","potentialAction":[{"@type":"SearchAction","target":{"@type":"EntryPoint","urlTemplate":"https:\/\/sage-femme-fribourg.ch\/?s={search_term_string}"},"query-input":{"@type":"PropertyValueSpecification","valueRequired":true,"valueName":"search_term_string"}}],"inLanguage":"de"}]}},"meta_box":[],"_links":{"self":[{"href":"https:\/\/sage-femme-fribourg.ch\/de\/wp-json\/wp\/v2\/pages\/1132","targetHints":{"allow":["GET"]}}],"collection":[{"href":"https:\/\/sage-femme-fribourg.ch\/de\/wp-json\/wp\/v2\/pages"}],"about":[{"href":"https:\/\/sage-femme-fribourg.ch\/de\/wp-json\/wp\/v2\/types\/page"}],"author":[{"embeddable":true,"href":"https:\/\/sage-femme-fribourg.ch\/de\/wp-json\/wp\/v2\/users\/3"}],"replies":[{"embeddable":true,"href":"https:\/\/sage-femme-fribourg.ch\/de\/wp-json\/wp\/v2\/comments?post=1132"}],"version-history":[{"count":7,"href":"https:\/\/sage-femme-fribourg.ch\/de\/wp-json\/wp\/v2\/pages\/1132\/revisions"}],"predecessor-version":[{"id":1529,"href":"https:\/\/sage-femme-fribourg.ch\/de\/wp-json\/wp\/v2\/pages\/1132\/revisions\/1529"}],"up":[{"embeddable":true,"href":"https:\/\/sage-femme-fribourg.ch\/de\/wp-json\/wp\/v2\/pages\/1103"}],"wp:attachment":[{"href":"https:\/\/sage-femme-fribourg.ch\/de\/wp-json\/wp\/v2\/media?parent=1132"}],"curies":[{"name":"wp","href":"https:\/\/api.w.org\/{rel}","templated":true}]}}