{"id":1115,"date":"2022-12-01T17:00:59","date_gmt":"2022-12-01T16:00:59","guid":{"rendered":"https:\/\/sage-femme-fribourg.ch\/?page_id=1115"},"modified":"2022-12-12T20:31:46","modified_gmt":"2022-12-12T19:31:46","slug":"hausgeburt","status":"publish","type":"page","link":"https:\/\/sage-femme-fribourg.ch\/de\/leistungen-grundversicherung\/hausgeburt\/","title":{"rendered":"Hausgeburt"},"content":{"rendered":"\n<div class=\"wp-block-cover\" style=\"min-height:400px;aspect-ratio:unset;\"><span aria-hidden=\"true\" class=\"wp-block-cover__background has-background-dim-0 has-background-dim\"><\/span><img loading=\"lazy\" decoding=\"async\" width=\"1920\" height=\"1280\" class=\"wp-block-cover__image-background wp-image-1586\" alt=\"\" src=\"https:\/\/sage-femme-fribourg.ch\/wp-content\/uploads\/2022\/12\/Mother-Holding-Her-Newborn-Baby-After-a-Home-Birth.jpg\" data-object-fit=\"cover\" srcset=\"https:\/\/sage-femme-fribourg.ch\/wp-content\/uploads\/2022\/12\/Mother-Holding-Her-Newborn-Baby-After-a-Home-Birth.jpg 1920w, https:\/\/sage-femme-fribourg.ch\/wp-content\/uploads\/2022\/12\/Mother-Holding-Her-Newborn-Baby-After-a-Home-Birth-300x200.jpg 300w, https:\/\/sage-femme-fribourg.ch\/wp-content\/uploads\/2022\/12\/Mother-Holding-Her-Newborn-Baby-After-a-Home-Birth-1024x683.jpg 1024w, https:\/\/sage-femme-fribourg.ch\/wp-content\/uploads\/2022\/12\/Mother-Holding-Her-Newborn-Baby-After-a-Home-Birth-768x512.jpg 768w, https:\/\/sage-femme-fribourg.ch\/wp-content\/uploads\/2022\/12\/Mother-Holding-Her-Newborn-Baby-After-a-Home-Birth-1536x1024.jpg 1536w\" sizes=\"auto, (max-width: 1920px) 100vw, 1920px\" \/><div class=\"wp-block-cover__inner-container is-layout-flow wp-block-cover-is-layout-flow\">\n<p class=\"has-text-align-center has-large-font-size\"><\/p>\n<\/div><\/div>\n\n\n\n<div style=\"height:50px\" aria-hidden=\"true\" class=\"wp-block-spacer\"><\/div>\n\n\n\n<div class=\"wp-block-columns is-layout-flex wp-container-core-columns-is-layout-9d6595d7 wp-block-columns-is-layout-flex\">\n<div class=\"wp-block-column is-layout-flow wp-block-column-is-layout-flow\" style=\"flex-basis:80%\">\n<h3 class=\"wp-block-heading\">Bei einer Hausgeburt kommt die Hebamme mit allen notwendigen Materialien zu Ihnen nach Hause. Aus Gr\u00fcnden der Praktikabilit\u00e4t und Sicherheit wird sie in der Regel von einer zweiten Hebamme begleitet.<\/h3>\n<\/div>\n\n\n\n<div class=\"wp-block-column is-layout-flow wp-block-column-is-layout-flow\" style=\"flex-basis:33.33%\"><\/div>\n<\/div>\n\n\n\n<div style=\"height:50px\" aria-hidden=\"true\" class=\"wp-block-spacer\"><\/div>\n\n\n\n<div class=\"wp-block-group content-col has-white-background-color has-background\"><div class=\"wp-block-group__inner-container is-layout-constrained wp-block-group-is-layout-constrained\">\n<h3 class=\"wp-block-heading\"><strong><strong>Wer kann zu Hause geb\u00e4ren?<\/strong><\/strong><\/h3>\n\n\n\n<p>Eine Hausgeburt ist nicht f\u00fcr alle Situationen geeignet. Die Hebamme wird sich bereit erkl\u00e4ren, Sie bei einer Hausgeburt zu begleiten, wenn Sie keine Risikofaktoren haben und Ihre Schwangerschaft physiologisch (ohne Komplikationen) verl\u00e4uft.<\/p>\n\n\n\n<p><strong>Die Kriterien f\u00fcr sind folgende:<\/strong><\/p>\n\n\n\n<ul class=\"style-list wp-block-list\">\n<li>Einlingsschwangerschaft in Sch\u00e4dellage.<\/li>\n\n\n\n<li>Geburt zwischen der 37. und 41-42. Schwangerschaftswoche.<\/li>\n\n\n\n<li>Keine gr\u00f6sseren medizinischen Probleme aufweisen&nbsp;<\/li>\n\n\n\n<li>Normaler Sitz der Plazenta.<\/li>\n\n\n\n<li>Ihr vorheriges Baby nicht per Kaiserschnitt entbunden haben.<\/li>\n\n\n\n<li>Motiviert und \u00fcber Hausgeburten informiert sein.<\/li>\n\n\n\n<li>Sich bewusst sein, dass es keine M\u00f6glichkeit gibt, zu Hause eine Epiduralan\u00e4sthesie oder andere Schmerzmittel zu erhalten.<\/li>\n<\/ul>\n<\/div><\/div>\n\n\n\n<div style=\"height:50px\" aria-hidden=\"true\" class=\"wp-block-spacer\"><\/div>\n\n\n\n<div class=\"wp-block-columns is-layout-flex wp-container-core-columns-is-layout-9d6595d7 wp-block-columns-is-layout-flex\">\n<div class=\"wp-block-column is-vertically-aligned-center is-layout-flow wp-block-column-is-layout-flow\" style=\"flex-basis:75%\">\n<h4 class=\"has-text-align-left wp-block-heading\"><strong><strong>Wichtig<\/strong><\/strong><\/h4>\n\n\n\n<p class=\"has-text-align-left\">Sollte w\u00e4hrend der Geburt eine Komplikation auftreten, wird die Hebamme Ihre schnelle Verlegung in ein Krankenhaus organisieren.<\/p>\n\n\n\n<div style=\"height:50px\" aria-hidden=\"true\" class=\"wp-block-spacer\"><\/div>\n\n\n\n<h4 class=\"has-text-align-left wp-block-heading\"><strong><strong>Wenn Sie sich f\u00fcr eine Hausgeburt interessieren oder mehr dar\u00fcber erfahren m\u00f6chten<\/strong><\/strong><\/h4>\n\n\n\n<p class=\"has-text-align-left\">Wenden Sie sich an <a href=\"\/de\/hebammensuche\/\" class=\"ek-link\">eine Hebamme<\/a>, die Hausgeburten anbietet; sie wird sie \u00fcber die Geburt zu Hause informieren und Ihnen die Einschlusskriterien erkl\u00e4ren und mit Ihnen das weitere Vorgehen besprechen.<\/p>\n<\/div>\n\n\n\n<div class=\"wp-block-column is-vertically-aligned-center is-layout-flow wp-block-column-is-layout-flow\"><\/div>\n<\/div>\n\n\n\n<div class=\"wp-block-group content-col has-white-color has-text-color has-background\" style=\"background-color:#217892\"><div class=\"wp-block-group__inner-container is-layout-constrained wp-block-group-is-layout-constrained\">\n<h3 class=\"has-text-align-center wp-block-heading\"><strong><strong>Achtung<\/strong> <\/strong><\/h3>\n\n\n\n<p class=\"has-text-align-center\">Kontaktieren Sie die Hebamme fr\u00fchzeitig. Dies aus Gr\u00fcnden der Verf\u00fcgbarkeit und um Zeit zu haben eine Beziehung mit Ihrer Hebamme aufzubauen.<\/p>\n<\/div><\/div>\n","protected":false},"excerpt":{"rendered":"<p>Bei einer Hausgeburt kommt die Hebamme mit allen notwendigen Materialien zu Ihnen nach Hause. Aus Gr\u00fcnden der Praktikabilit\u00e4t und Sicherheit wird sie in der Regel von einer zweiten Hebamme begleitet. Wer kann zu Hause geb\u00e4ren? Eine Hausgeburt ist nicht f\u00fcr alle Situationen geeignet. Die Hebamme wird sich bereit erkl\u00e4ren, Sie bei einer Hausgeburt zu begleiten, [&hellip;]<\/p>\n","protected":false},"author":3,"featured_media":0,"parent":1103,"menu_order":0,"comment_status":"closed","ping_status":"closed","template":"","meta":{"_editorskit_title_hidden":false,"_editorskit_reading_time":1,"_editorskit_is_block_options_detached":false,"_editorskit_block_options_position":"{}","footnotes":""},"class_list":["post-1115","page","type-page","status-publish","hentry"],"yoast_head":"<!-- This site is optimized with the Yoast SEO plugin v27.5 - https:\/\/yoast.com\/product\/yoast-seo-wordpress\/ -->\n<title>Hausgeburt - Sage-femme<\/title>\n<meta name=\"robots\" content=\"index, follow, max-snippet:-1, max-image-preview:large, max-video-preview:-1\" \/>\n<link rel=\"canonical\" href=\"https:\/\/sage-femme-fribourg.ch\/de\/leistungen-grundversicherung\/hausgeburt\/\" \/>\n<meta property=\"og:locale\" content=\"de_DE\" \/>\n<meta property=\"og:type\" content=\"article\" \/>\n<meta property=\"og:title\" content=\"Hausgeburt - Sage-femme\" \/>\n<meta property=\"og:description\" content=\"Bei einer Hausgeburt kommt die Hebamme mit allen notwendigen Materialien zu Ihnen nach Hause. Aus Gr\u00fcnden der Praktikabilit\u00e4t und Sicherheit wird sie in der Regel von einer zweiten Hebamme begleitet. Wer kann zu Hause geb\u00e4ren? Eine Hausgeburt ist nicht f\u00fcr alle Situationen geeignet. Die Hebamme wird sich bereit erkl\u00e4ren, Sie bei einer Hausgeburt zu begleiten, [&hellip;]\" \/>\n<meta property=\"og:url\" content=\"https:\/\/sage-femme-fribourg.ch\/de\/leistungen-grundversicherung\/hausgeburt\/\" \/>\n<meta property=\"og:site_name\" content=\"Sage-femme\" \/>\n<meta property=\"article:modified_time\" content=\"2022-12-12T19:31:46+00:00\" \/>\n<meta property=\"og:image\" content=\"https:\/\/sage-femme-fribourg.ch\/wp-content\/uploads\/2022\/12\/Mother-Holding-Her-Newborn-Baby-After-a-Home-Birth.jpg\" \/>\n<meta name=\"twitter:card\" content=\"summary_large_image\" \/>\n<meta name=\"twitter:label1\" content=\"Gesch\u00e4tzte Lesezeit\" \/>\n\t<meta name=\"twitter:data1\" content=\"2\u00a0Minuten\" \/>\n<script type=\"application\/ld+json\" class=\"yoast-schema-graph\">{\"@context\":\"https:\\\/\\\/schema.org\",\"@graph\":[{\"@type\":\"WebPage\",\"@id\":\"https:\\\/\\\/sage-femme-fribourg.ch\\\/de\\\/leistungen-grundversicherung\\\/hausgeburt\\\/\",\"url\":\"https:\\\/\\\/sage-femme-fribourg.ch\\\/de\\\/leistungen-grundversicherung\\\/hausgeburt\\\/\",\"name\":\"Hausgeburt - Sage-femme\",\"isPartOf\":{\"@id\":\"https:\\\/\\\/sage-femme-fribourg.ch\\\/#website\"},\"primaryImageOfPage\":{\"@id\":\"https:\\\/\\\/sage-femme-fribourg.ch\\\/de\\\/leistungen-grundversicherung\\\/hausgeburt\\\/#primaryimage\"},\"image\":{\"@id\":\"https:\\\/\\\/sage-femme-fribourg.ch\\\/de\\\/leistungen-grundversicherung\\\/hausgeburt\\\/#primaryimage\"},\"thumbnailUrl\":\"https:\\\/\\\/sage-femme-fribourg.ch\\\/wp-content\\\/uploads\\\/2022\\\/12\\\/Mother-Holding-Her-Newborn-Baby-After-a-Home-Birth.jpg\",\"datePublished\":\"2022-12-01T16:00:59+00:00\",\"dateModified\":\"2022-12-12T19:31:46+00:00\",\"breadcrumb\":{\"@id\":\"https:\\\/\\\/sage-femme-fribourg.ch\\\/de\\\/leistungen-grundversicherung\\\/hausgeburt\\\/#breadcrumb\"},\"inLanguage\":\"de\",\"potentialAction\":[{\"@type\":\"ReadAction\",\"target\":[\"https:\\\/\\\/sage-femme-fribourg.ch\\\/de\\\/leistungen-grundversicherung\\\/hausgeburt\\\/\"]}]},{\"@type\":\"ImageObject\",\"inLanguage\":\"de\",\"@id\":\"https:\\\/\\\/sage-femme-fribourg.ch\\\/de\\\/leistungen-grundversicherung\\\/hausgeburt\\\/#primaryimage\",\"url\":\"https:\\\/\\\/sage-femme-fribourg.ch\\\/wp-content\\\/uploads\\\/2022\\\/12\\\/Mother-Holding-Her-Newborn-Baby-After-a-Home-Birth.jpg\",\"contentUrl\":\"https:\\\/\\\/sage-femme-fribourg.ch\\\/wp-content\\\/uploads\\\/2022\\\/12\\\/Mother-Holding-Her-Newborn-Baby-After-a-Home-Birth.jpg\"},{\"@type\":\"BreadcrumbList\",\"@id\":\"https:\\\/\\\/sage-femme-fribourg.ch\\\/de\\\/leistungen-grundversicherung\\\/hausgeburt\\\/#breadcrumb\",\"itemListElement\":[{\"@type\":\"ListItem\",\"position\":1,\"name\":\"Home\",\"item\":\"https:\\\/\\\/sage-femme-fribourg.ch\\\/de\\\/\"},{\"@type\":\"ListItem\",\"position\":2,\"name\":\"Leistungen der Grundversicherung\",\"item\":\"https:\\\/\\\/sage-femme-fribourg.ch\\\/de\\\/leistungen-grundversicherung\\\/\"},{\"@type\":\"ListItem\",\"position\":3,\"name\":\"Hausgeburt\"}]},{\"@type\":\"WebSite\",\"@id\":\"https:\\\/\\\/sage-femme-fribourg.ch\\\/#website\",\"url\":\"https:\\\/\\\/sage-femme-fribourg.ch\\\/\",\"name\":\"Sage-femme\",\"description\":\"Un site utilisant WordPress\",\"potentialAction\":[{\"@type\":\"SearchAction\",\"target\":{\"@type\":\"EntryPoint\",\"urlTemplate\":\"https:\\\/\\\/sage-femme-fribourg.ch\\\/?s={search_term_string}\"},\"query-input\":{\"@type\":\"PropertyValueSpecification\",\"valueRequired\":true,\"valueName\":\"search_term_string\"}}],\"inLanguage\":\"de\"}]}<\/script>\n<!-- \/ Yoast SEO plugin. -->","yoast_head_json":{"title":"Hausgeburt - Sage-femme","robots":{"index":"index","follow":"follow","max-snippet":"max-snippet:-1","max-image-preview":"max-image-preview:large","max-video-preview":"max-video-preview:-1"},"canonical":"https:\/\/sage-femme-fribourg.ch\/de\/leistungen-grundversicherung\/hausgeburt\/","og_locale":"de_DE","og_type":"article","og_title":"Hausgeburt - Sage-femme","og_description":"Bei einer Hausgeburt kommt die Hebamme mit allen notwendigen Materialien zu Ihnen nach Hause. Aus Gr\u00fcnden der Praktikabilit\u00e4t und Sicherheit wird sie in der Regel von einer zweiten Hebamme begleitet. Wer kann zu Hause geb\u00e4ren? Eine Hausgeburt ist nicht f\u00fcr alle Situationen geeignet. Die Hebamme wird sich bereit erkl\u00e4ren, Sie bei einer Hausgeburt zu begleiten, [&hellip;]","og_url":"https:\/\/sage-femme-fribourg.ch\/de\/leistungen-grundversicherung\/hausgeburt\/","og_site_name":"Sage-femme","article_modified_time":"2022-12-12T19:31:46+00:00","og_image":[{"url":"https:\/\/sage-femme-fribourg.ch\/wp-content\/uploads\/2022\/12\/Mother-Holding-Her-Newborn-Baby-After-a-Home-Birth.jpg","type":"","width":"","height":""}],"twitter_card":"summary_large_image","twitter_misc":{"Gesch\u00e4tzte Lesezeit":"2\u00a0Minuten"},"schema":{"@context":"https:\/\/schema.org","@graph":[{"@type":"WebPage","@id":"https:\/\/sage-femme-fribourg.ch\/de\/leistungen-grundversicherung\/hausgeburt\/","url":"https:\/\/sage-femme-fribourg.ch\/de\/leistungen-grundversicherung\/hausgeburt\/","name":"Hausgeburt - Sage-femme","isPartOf":{"@id":"https:\/\/sage-femme-fribourg.ch\/#website"},"primaryImageOfPage":{"@id":"https:\/\/sage-femme-fribourg.ch\/de\/leistungen-grundversicherung\/hausgeburt\/#primaryimage"},"image":{"@id":"https:\/\/sage-femme-fribourg.ch\/de\/leistungen-grundversicherung\/hausgeburt\/#primaryimage"},"thumbnailUrl":"https:\/\/sage-femme-fribourg.ch\/wp-content\/uploads\/2022\/12\/Mother-Holding-Her-Newborn-Baby-After-a-Home-Birth.jpg","datePublished":"2022-12-01T16:00:59+00:00","dateModified":"2022-12-12T19:31:46+00:00","breadcrumb":{"@id":"https:\/\/sage-femme-fribourg.ch\/de\/leistungen-grundversicherung\/hausgeburt\/#breadcrumb"},"inLanguage":"de","potentialAction":[{"@type":"ReadAction","target":["https:\/\/sage-femme-fribourg.ch\/de\/leistungen-grundversicherung\/hausgeburt\/"]}]},{"@type":"ImageObject","inLanguage":"de","@id":"https:\/\/sage-femme-fribourg.ch\/de\/leistungen-grundversicherung\/hausgeburt\/#primaryimage","url":"https:\/\/sage-femme-fribourg.ch\/wp-content\/uploads\/2022\/12\/Mother-Holding-Her-Newborn-Baby-After-a-Home-Birth.jpg","contentUrl":"https:\/\/sage-femme-fribourg.ch\/wp-content\/uploads\/2022\/12\/Mother-Holding-Her-Newborn-Baby-After-a-Home-Birth.jpg"},{"@type":"BreadcrumbList","@id":"https:\/\/sage-femme-fribourg.ch\/de\/leistungen-grundversicherung\/hausgeburt\/#breadcrumb","itemListElement":[{"@type":"ListItem","position":1,"name":"Home","item":"https:\/\/sage-femme-fribourg.ch\/de\/"},{"@type":"ListItem","position":2,"name":"Leistungen der Grundversicherung","item":"https:\/\/sage-femme-fribourg.ch\/de\/leistungen-grundversicherung\/"},{"@type":"ListItem","position":3,"name":"Hausgeburt"}]},{"@type":"WebSite","@id":"https:\/\/sage-femme-fribourg.ch\/#website","url":"https:\/\/sage-femme-fribourg.ch\/","name":"Sage-femme","description":"Un site utilisant WordPress","potentialAction":[{"@type":"SearchAction","target":{"@type":"EntryPoint","urlTemplate":"https:\/\/sage-femme-fribourg.ch\/?s={search_term_string}"},"query-input":{"@type":"PropertyValueSpecification","valueRequired":true,"valueName":"search_term_string"}}],"inLanguage":"de"}]}},"meta_box":[],"_links":{"self":[{"href":"https:\/\/sage-femme-fribourg.ch\/de\/wp-json\/wp\/v2\/pages\/1115","targetHints":{"allow":["GET"]}}],"collection":[{"href":"https:\/\/sage-femme-fribourg.ch\/de\/wp-json\/wp\/v2\/pages"}],"about":[{"href":"https:\/\/sage-femme-fribourg.ch\/de\/wp-json\/wp\/v2\/types\/page"}],"author":[{"embeddable":true,"href":"https:\/\/sage-femme-fribourg.ch\/de\/wp-json\/wp\/v2\/users\/3"}],"replies":[{"embeddable":true,"href":"https:\/\/sage-femme-fribourg.ch\/de\/wp-json\/wp\/v2\/comments?post=1115"}],"version-history":[{"count":13,"href":"https:\/\/sage-femme-fribourg.ch\/de\/wp-json\/wp\/v2\/pages\/1115\/revisions"}],"predecessor-version":[{"id":1645,"href":"https:\/\/sage-femme-fribourg.ch\/de\/wp-json\/wp\/v2\/pages\/1115\/revisions\/1645"}],"up":[{"embeddable":true,"href":"https:\/\/sage-femme-fribourg.ch\/de\/wp-json\/wp\/v2\/pages\/1103"}],"wp:attachment":[{"href":"https:\/\/sage-femme-fribourg.ch\/de\/wp-json\/wp\/v2\/media?parent=1115"}],"curies":[{"name":"wp","href":"https:\/\/api.w.org\/{rel}","templated":true}]}}