{"id":1099,"date":"2022-10-04T11:25:25","date_gmt":"2022-10-04T09:25:25","guid":{"rendered":"https:\/\/sage-femme-fribourg.ch\/controle-de-grossesse-physiologique\/"},"modified":"2022-12-02T10:15:17","modified_gmt":"2022-12-02T09:15:17","slug":"physiologische-schwangerschaftskontrolle","status":"publish","type":"page","link":"https:\/\/sage-femme-fribourg.ch\/de\/leistungen-grundversicherung\/physiologische-schwangerschaftskontrolle\/","title":{"rendered":"Physiologische Schwangerschaftskontrolle"},"content":{"rendered":"\n\n\n<div style=\"height:50px\" aria-hidden=\"true\" class=\"wp-block-spacer\"><\/div>\n\n\n\n<div class=\"wp-block-columns is-layout-flex wp-container-core-columns-is-layout-9d6595d7 wp-block-columns-is-layout-flex\">\n<div class=\"wp-block-column is-layout-flow wp-block-column-is-layout-flow\" style=\"flex-basis:75%\">\n<h2 class=\"wp-block-heading\">Die Schwangerschaftskontrollen k\u00f6nnen ausschliesslich bei der Hebamme durchgef\u00fchrt werden. Es ist auch m\u00f6glich, die Kontrollen abwechselnd bei der Hebamme und der Gyn\u00e4kologin oder dem Gyn\u00e4kologen durchzuf\u00fchren.<\/h2>\n<\/div>\n\n\n\n<div class=\"wp-block-column is-layout-flow wp-block-column-is-layout-flow\" style=\"flex-basis:15%\"><\/div>\n<\/div>\n\n\n\n<div style=\"height:50px\" aria-hidden=\"true\" class=\"wp-block-spacer\"><\/div>\n\n\n\n<h3 class=\"wp-block-heading\"><strong>Die Schwangerschaftskontrolle umfasst:<\/strong><\/h3>\n\n\n\n<ul class=\"wp-block-list\">\n<li>Anamnese (Bestandsaufnahme Ihrer fr\u00fcheren und aktuellen Gesundheit).<\/li>\n\n\n\n<li>Antworten auf Ihre eventuellen Fragen<\/li>\n\n\n\n<li>Gespr\u00e4ch, Informationen und Beratung zu Themen rund um die Schwangerschaft: medizinische Tests und Vorsorgeuntersuchungen, Sport und Ern\u00e4hrung, Sexualit\u00e4t und Schwangerschaft, Rolle des Partners, Schwangerschaftsbeschwerden, k\u00f6rperliche und emotionale Ver\u00e4nderungen, Stillen (Vor- und Nachteile, wie man sich darauf vorbereitet, was zu erwarten ist, Physiologie usw. ), R\u00fcckenpflege, Vermeidung von Dammverletzungen, Wahl des Geburtsortes, rechtliche Aspekte der Mutterschaft am Arbeitsplatz, Informationen, die Sie der Krankenversicherung geben und Informationen welche Sie beantragen sollten, Vaterschaftsanerkennung, Organisation der Zeit nach der Geburt usw.<\/li>\n\n\n\n<li>Betreuung Ihrer Schwangerschaft und der Ihres Babys durch: Urintests, Blutdruck-\/Pulsmessungen, Analyse des Herzrhythmus des F\u00f6tus, \u00dcberwachung des Wachstums und der Lage des F\u00f6tus. Die Hebamme f\u00fchrt auch die notwendigen Blutentnahmen, Abstriche und vaginale Untersuchungen durch. Die freiberufliche Hebamme f\u00fchrt keine Ultraschalluntersuchungen durch: F\u00fcr diese stellt sie Ihnen ein Rezept aus, damit Sie die Ultraschalluntersuchungen bei einer Gyn\u00e4kologin oder Gyn\u00e4kologen durchf\u00fchren lassen k\u00f6nnen.<\/li>\n<\/ul>\n\n\n\n<div style=\"height:50px\" aria-hidden=\"true\" class=\"wp-block-spacer\"><\/div>\n\n\n\n<div class=\"wp-block-columns is-layout-flex wp-container-core-columns-is-layout-9d6595d7 wp-block-columns-is-layout-flex\">\n<div class=\"wp-block-column is-vertically-aligned-center content-col has-white-background-color has-background is-layout-flow wp-block-column-is-layout-flow\">\n<p>Bei einer Risikoschwangerschaft wird die Schwangerschafts\u00fcberwachung in Zusammenarbeit mit einem Arzt (Gyn\u00e4kologe, Diabetologe, Kardiologe, usw.) durchgef\u00fchrt.<\/p>\n\n\n\n<p><\/p>\n<\/div>\n\n\n\n<div class=\"wp-block-column is-vertically-aligned-center content-col has-white-background-color has-background is-layout-flow wp-block-column-is-layout-flow\">\n<p>Im Falle einer pathologischen Schwangerschaft (bei der der Verlauf Ihrer Schwangerschaft einen nachgewiesenen Krankheitszustand aufweisen w\u00fcrde) wird die Hebamme die Betreuung fortsetzen, jedoch in Zusammenarbeit mit einer \u00c4rztin oder einem Arzt. Hierf\u00fcr ben\u00f6tigt die Hebamme eine \u00e4rztliche Verordnung.<\/p>\n<\/div>\n<\/div>\n","protected":false},"excerpt":{"rendered":"<p>Die Schwangerschaftskontrollen k\u00f6nnen ausschliesslich bei der Hebamme durchgef\u00fchrt werden. Es ist auch m\u00f6glich, die Kontrollen abwechselnd bei der Hebamme und der Gyn\u00e4kologin oder dem Gyn\u00e4kologen durchzuf\u00fchren. Die Schwangerschaftskontrolle umfasst: Bei einer Risikoschwangerschaft wird die Schwangerschafts\u00fcberwachung in Zusammenarbeit mit einem Arzt (Gyn\u00e4kologe, Diabetologe, Kardiologe, usw.) durchgef\u00fchrt. Im Falle einer pathologischen Schwangerschaft (bei der der Verlauf Ihrer [&hellip;]<\/p>\n","protected":false},"author":1,"featured_media":0,"parent":1103,"menu_order":0,"comment_status":"closed","ping_status":"closed","template":"","meta":{"_editorskit_title_hidden":false,"_editorskit_reading_time":1,"_editorskit_is_block_options_detached":false,"_editorskit_block_options_position":"{}","footnotes":""},"class_list":["post-1099","page","type-page","status-publish","hentry"],"yoast_head":"<!-- This site is optimized with the Yoast SEO plugin v27.6 - https:\/\/yoast.com\/product\/yoast-seo-wordpress\/ -->\n<title>Physiologische Schwangerschaftskontrolle - Sage-femme<\/title>\n<meta name=\"robots\" content=\"index, follow, max-snippet:-1, max-image-preview:large, max-video-preview:-1\" \/>\n<link rel=\"canonical\" href=\"https:\/\/sage-femme-fribourg.ch\/de\/leistungen-grundversicherung\/physiologische-schwangerschaftskontrolle\/\" \/>\n<meta property=\"og:locale\" content=\"de_DE\" \/>\n<meta property=\"og:type\" content=\"article\" \/>\n<meta property=\"og:title\" content=\"Physiologische Schwangerschaftskontrolle - Sage-femme\" \/>\n<meta property=\"og:description\" content=\"Die Schwangerschaftskontrollen k\u00f6nnen ausschliesslich bei der Hebamme durchgef\u00fchrt werden. Es ist auch m\u00f6glich, die Kontrollen abwechselnd bei der Hebamme und der Gyn\u00e4kologin oder dem Gyn\u00e4kologen durchzuf\u00fchren. Die Schwangerschaftskontrolle umfasst: Bei einer Risikoschwangerschaft wird die Schwangerschafts\u00fcberwachung in Zusammenarbeit mit einem Arzt (Gyn\u00e4kologe, Diabetologe, Kardiologe, usw.) durchgef\u00fchrt. Im Falle einer pathologischen Schwangerschaft (bei der der Verlauf Ihrer [&hellip;]\" \/>\n<meta property=\"og:url\" content=\"https:\/\/sage-femme-fribourg.ch\/de\/leistungen-grundversicherung\/physiologische-schwangerschaftskontrolle\/\" \/>\n<meta property=\"og:site_name\" content=\"Sage-femme\" \/>\n<meta property=\"article:modified_time\" content=\"2022-12-02T09:15:17+00:00\" \/>\n<meta property=\"og:image\" content=\"https:\/\/sage-femme-fribourg.ch\/wp-content\/uploads\/2022\/11\/controle-grossesse.jpg\" \/>\n<meta name=\"twitter:card\" content=\"summary_large_image\" \/>\n<meta name=\"twitter:label1\" content=\"Gesch\u00e4tzte Lesezeit\" \/>\n\t<meta name=\"twitter:data1\" content=\"2\u00a0Minuten\" \/>\n<script type=\"application\/ld+json\" class=\"yoast-schema-graph\">{\"@context\":\"https:\\\/\\\/schema.org\",\"@graph\":[{\"@type\":\"WebPage\",\"@id\":\"https:\\\/\\\/sage-femme-fribourg.ch\\\/de\\\/leistungen-grundversicherung\\\/physiologische-schwangerschaftskontrolle\\\/\",\"url\":\"https:\\\/\\\/sage-femme-fribourg.ch\\\/de\\\/leistungen-grundversicherung\\\/physiologische-schwangerschaftskontrolle\\\/\",\"name\":\"Physiologische Schwangerschaftskontrolle - Sage-femme\",\"isPartOf\":{\"@id\":\"https:\\\/\\\/sage-femme-fribourg.ch\\\/#website\"},\"primaryImageOfPage\":{\"@id\":\"https:\\\/\\\/sage-femme-fribourg.ch\\\/de\\\/leistungen-grundversicherung\\\/physiologische-schwangerschaftskontrolle\\\/#primaryimage\"},\"image\":{\"@id\":\"https:\\\/\\\/sage-femme-fribourg.ch\\\/de\\\/leistungen-grundversicherung\\\/physiologische-schwangerschaftskontrolle\\\/#primaryimage\"},\"thumbnailUrl\":\"https:\\\/\\\/sage-femme-fribourg.ch\\\/wp-content\\\/uploads\\\/2022\\\/11\\\/controle-grossesse.jpg\",\"datePublished\":\"2022-10-04T09:25:25+00:00\",\"dateModified\":\"2022-12-02T09:15:17+00:00\",\"breadcrumb\":{\"@id\":\"https:\\\/\\\/sage-femme-fribourg.ch\\\/de\\\/leistungen-grundversicherung\\\/physiologische-schwangerschaftskontrolle\\\/#breadcrumb\"},\"inLanguage\":\"de\",\"potentialAction\":[{\"@type\":\"ReadAction\",\"target\":[\"https:\\\/\\\/sage-femme-fribourg.ch\\\/de\\\/leistungen-grundversicherung\\\/physiologische-schwangerschaftskontrolle\\\/\"]}]},{\"@type\":\"ImageObject\",\"inLanguage\":\"de\",\"@id\":\"https:\\\/\\\/sage-femme-fribourg.ch\\\/de\\\/leistungen-grundversicherung\\\/physiologische-schwangerschaftskontrolle\\\/#primaryimage\",\"url\":\"https:\\\/\\\/sage-femme-fribourg.ch\\\/wp-content\\\/uploads\\\/2022\\\/11\\\/controle-grossesse.jpg\",\"contentUrl\":\"https:\\\/\\\/sage-femme-fribourg.ch\\\/wp-content\\\/uploads\\\/2022\\\/11\\\/controle-grossesse.jpg\"},{\"@type\":\"BreadcrumbList\",\"@id\":\"https:\\\/\\\/sage-femme-fribourg.ch\\\/de\\\/leistungen-grundversicherung\\\/physiologische-schwangerschaftskontrolle\\\/#breadcrumb\",\"itemListElement\":[{\"@type\":\"ListItem\",\"position\":1,\"name\":\"Home\",\"item\":\"https:\\\/\\\/sage-femme-fribourg.ch\\\/de\\\/\"},{\"@type\":\"ListItem\",\"position\":2,\"name\":\"Leistungen der Grundversicherung\",\"item\":\"https:\\\/\\\/sage-femme-fribourg.ch\\\/de\\\/leistungen-grundversicherung\\\/\"},{\"@type\":\"ListItem\",\"position\":3,\"name\":\"Physiologische Schwangerschaftskontrolle\"}]},{\"@type\":\"WebSite\",\"@id\":\"https:\\\/\\\/sage-femme-fribourg.ch\\\/#website\",\"url\":\"https:\\\/\\\/sage-femme-fribourg.ch\\\/\",\"name\":\"Sage-femme\",\"description\":\"Un site utilisant WordPress\",\"potentialAction\":[{\"@type\":\"SearchAction\",\"target\":{\"@type\":\"EntryPoint\",\"urlTemplate\":\"https:\\\/\\\/sage-femme-fribourg.ch\\\/?s={search_term_string}\"},\"query-input\":{\"@type\":\"PropertyValueSpecification\",\"valueRequired\":true,\"valueName\":\"search_term_string\"}}],\"inLanguage\":\"de\"}]}<\/script>\n<!-- \/ Yoast SEO plugin. -->","yoast_head_json":{"title":"Physiologische Schwangerschaftskontrolle - Sage-femme","robots":{"index":"index","follow":"follow","max-snippet":"max-snippet:-1","max-image-preview":"max-image-preview:large","max-video-preview":"max-video-preview:-1"},"canonical":"https:\/\/sage-femme-fribourg.ch\/de\/leistungen-grundversicherung\/physiologische-schwangerschaftskontrolle\/","og_locale":"de_DE","og_type":"article","og_title":"Physiologische Schwangerschaftskontrolle - Sage-femme","og_description":"Die Schwangerschaftskontrollen k\u00f6nnen ausschliesslich bei der Hebamme durchgef\u00fchrt werden. Es ist auch m\u00f6glich, die Kontrollen abwechselnd bei der Hebamme und der Gyn\u00e4kologin oder dem Gyn\u00e4kologen durchzuf\u00fchren. Die Schwangerschaftskontrolle umfasst: Bei einer Risikoschwangerschaft wird die Schwangerschafts\u00fcberwachung in Zusammenarbeit mit einem Arzt (Gyn\u00e4kologe, Diabetologe, Kardiologe, usw.) durchgef\u00fchrt. Im Falle einer pathologischen Schwangerschaft (bei der der Verlauf Ihrer [&hellip;]","og_url":"https:\/\/sage-femme-fribourg.ch\/de\/leistungen-grundversicherung\/physiologische-schwangerschaftskontrolle\/","og_site_name":"Sage-femme","article_modified_time":"2022-12-02T09:15:17+00:00","og_image":[{"url":"https:\/\/sage-femme-fribourg.ch\/wp-content\/uploads\/2022\/11\/controle-grossesse.jpg","type":"","width":"","height":""}],"twitter_card":"summary_large_image","twitter_misc":{"Gesch\u00e4tzte Lesezeit":"2\u00a0Minuten"},"schema":{"@context":"https:\/\/schema.org","@graph":[{"@type":"WebPage","@id":"https:\/\/sage-femme-fribourg.ch\/de\/leistungen-grundversicherung\/physiologische-schwangerschaftskontrolle\/","url":"https:\/\/sage-femme-fribourg.ch\/de\/leistungen-grundversicherung\/physiologische-schwangerschaftskontrolle\/","name":"Physiologische Schwangerschaftskontrolle - Sage-femme","isPartOf":{"@id":"https:\/\/sage-femme-fribourg.ch\/#website"},"primaryImageOfPage":{"@id":"https:\/\/sage-femme-fribourg.ch\/de\/leistungen-grundversicherung\/physiologische-schwangerschaftskontrolle\/#primaryimage"},"image":{"@id":"https:\/\/sage-femme-fribourg.ch\/de\/leistungen-grundversicherung\/physiologische-schwangerschaftskontrolle\/#primaryimage"},"thumbnailUrl":"https:\/\/sage-femme-fribourg.ch\/wp-content\/uploads\/2022\/11\/controle-grossesse.jpg","datePublished":"2022-10-04T09:25:25+00:00","dateModified":"2022-12-02T09:15:17+00:00","breadcrumb":{"@id":"https:\/\/sage-femme-fribourg.ch\/de\/leistungen-grundversicherung\/physiologische-schwangerschaftskontrolle\/#breadcrumb"},"inLanguage":"de","potentialAction":[{"@type":"ReadAction","target":["https:\/\/sage-femme-fribourg.ch\/de\/leistungen-grundversicherung\/physiologische-schwangerschaftskontrolle\/"]}]},{"@type":"ImageObject","inLanguage":"de","@id":"https:\/\/sage-femme-fribourg.ch\/de\/leistungen-grundversicherung\/physiologische-schwangerschaftskontrolle\/#primaryimage","url":"https:\/\/sage-femme-fribourg.ch\/wp-content\/uploads\/2022\/11\/controle-grossesse.jpg","contentUrl":"https:\/\/sage-femme-fribourg.ch\/wp-content\/uploads\/2022\/11\/controle-grossesse.jpg"},{"@type":"BreadcrumbList","@id":"https:\/\/sage-femme-fribourg.ch\/de\/leistungen-grundversicherung\/physiologische-schwangerschaftskontrolle\/#breadcrumb","itemListElement":[{"@type":"ListItem","position":1,"name":"Home","item":"https:\/\/sage-femme-fribourg.ch\/de\/"},{"@type":"ListItem","position":2,"name":"Leistungen der Grundversicherung","item":"https:\/\/sage-femme-fribourg.ch\/de\/leistungen-grundversicherung\/"},{"@type":"ListItem","position":3,"name":"Physiologische Schwangerschaftskontrolle"}]},{"@type":"WebSite","@id":"https:\/\/sage-femme-fribourg.ch\/#website","url":"https:\/\/sage-femme-fribourg.ch\/","name":"Sage-femme","description":"Un site utilisant WordPress","potentialAction":[{"@type":"SearchAction","target":{"@type":"EntryPoint","urlTemplate":"https:\/\/sage-femme-fribourg.ch\/?s={search_term_string}"},"query-input":{"@type":"PropertyValueSpecification","valueRequired":true,"valueName":"search_term_string"}}],"inLanguage":"de"}]}},"meta_box":[],"_links":{"self":[{"href":"https:\/\/sage-femme-fribourg.ch\/de\/wp-json\/wp\/v2\/pages\/1099","targetHints":{"allow":["GET"]}}],"collection":[{"href":"https:\/\/sage-femme-fribourg.ch\/de\/wp-json\/wp\/v2\/pages"}],"about":[{"href":"https:\/\/sage-femme-fribourg.ch\/de\/wp-json\/wp\/v2\/types\/page"}],"author":[{"embeddable":true,"href":"https:\/\/sage-femme-fribourg.ch\/de\/wp-json\/wp\/v2\/users\/1"}],"replies":[{"embeddable":true,"href":"https:\/\/sage-femme-fribourg.ch\/de\/wp-json\/wp\/v2\/comments?post=1099"}],"version-history":[{"count":2,"href":"https:\/\/sage-femme-fribourg.ch\/de\/wp-json\/wp\/v2\/pages\/1099\/revisions"}],"predecessor-version":[{"id":1102,"href":"https:\/\/sage-femme-fribourg.ch\/de\/wp-json\/wp\/v2\/pages\/1099\/revisions\/1102"}],"up":[{"embeddable":true,"href":"https:\/\/sage-femme-fribourg.ch\/de\/wp-json\/wp\/v2\/pages\/1103"}],"wp:attachment":[{"href":"https:\/\/sage-femme-fribourg.ch\/de\/wp-json\/wp\/v2\/media?parent=1099"}],"curies":[{"name":"wp","href":"https:\/\/api.w.org\/{rel}","templated":true}]}}